{"id":8186,"date":"2021-12-10T10:36:58","date_gmt":"2021-12-10T09:36:58","guid":{"rendered":"https:\/\/eterle.cz\/eshop\/produkt\/miska-wood-and-sons-anglie\/"},"modified":"2025-02-16T03:03:31","modified_gmt":"2025-02-16T02:03:31","slug":"miska-wood-and-sons-anglie","status":"publish","type":"product","link":"https:\/\/eterle.cz\/eshop\/produkt\/miska-wood-and-sons-anglie\/","title":{"rendered":"Miska \/ Wood and sons, Anglie"},"content":{"rendered":"<p>Op\u011bt jedna Anglie, tentokr\u00e1t od zna\u010dky Wood and sons, zalo\u017een\u00e9 v roce 1865. Jend\u00e1 se o tipick\u00fd tlust\u00fd st\u0159ep v barv\u011b slonov\u00e9 kosti. Misti\u010dka je zdobena kr\u00e1snou kv\u011btinovou vazbou v tlumen\u00fdch barv\u00e1ch. Bude radost si z n\u00ed d\u00e1t jogurt s ovocem, ale i o\u0159\u00ed\u0161ky v n\u00ed budou vypadat dob\u0159e.<\/p>\n<p>Stav: dobr\u00fd, vintage drobn\u00e9 \u0161kr\u00e1bance<br \/>\nZna\u010dka: Wood and sons, Anglie<br \/>\nRozm\u011br<br \/>\nObjem: 200 ml<br \/>\nPr\u016fm\u011br: 16,5 cm<\/p>\n","protected":false},"excerpt":{"rendered":"<p>Op\u011bt jedna Anglie, tentokr\u00e1t od zna\u010dky Wood and sons, zalo\u017een\u00e9 v roce 1865. Jend\u00e1 se o tipick\u00fd tlust\u00fd st\u0159ep v<\/p>\n","protected":false},"featured_media":8187,"template":"","meta":[],"product_brand":[153],"product_cat":[91],"product_tag":[],"class_list":{"0":"post-8186","1":"product","2":"type-product","3":"status-publish","4":"has-post-thumbnail","6":"product_brand-eterle-cz","7":"product_cat-prodane","9":"first","10":"outofstock","11":"purchasable","12":"product-type-simple"},"_links":{"self":[{"href":"https:\/\/eterle.cz\/eshop\/wp-json\/wp\/v2\/product\/8186","targetHints":{"allow":["GET"]}}],"collection":[{"href":"https:\/\/eterle.cz\/eshop\/wp-json\/wp\/v2\/product"}],"about":[{"href":"https:\/\/eterle.cz\/eshop\/wp-json\/wp\/v2\/types\/product"}],"version-history":[{"count":0,"href":"https:\/\/eterle.cz\/eshop\/wp-json\/wp\/v2\/product\/8186\/revisions"}],"wp:featuredmedia":[{"embeddable":true,"href":"https:\/\/eterle.cz\/eshop\/wp-json\/wp\/v2\/media\/8187"}],"wp:attachment":[{"href":"https:\/\/eterle.cz\/eshop\/wp-json\/wp\/v2\/media?parent=8186"}],"wp:term":[{"taxonomy":"product_brand","embeddable":true,"href":"https:\/\/eterle.cz\/eshop\/wp-json\/wp\/v2\/product_brand?post=8186"},{"taxonomy":"product_cat","embeddable":true,"href":"https:\/\/eterle.cz\/eshop\/wp-json\/wp\/v2\/product_cat?post=8186"},{"taxonomy":"product_tag","embeddable":true,"href":"https:\/\/eterle.cz\/eshop\/wp-json\/wp\/v2\/product_tag?post=8186"}],"curies":[{"name":"wp","href":"https:\/\/api.w.org\/{rel}","templated":true}]}}