{"id":8190,"date":"2021-12-10T10:37:05","date_gmt":"2021-12-10T09:37:05","guid":{"rendered":"https:\/\/eterle.cz\/eshop\/produkt\/hrnecek-na-espresso-mitterteich-bavaria\/"},"modified":"2025-02-16T03:03:31","modified_gmt":"2025-02-16T02:03:31","slug":"hrnecek-na-espresso-mitterteich-bavaria","status":"publish","type":"product","link":"https:\/\/eterle.cz\/eshop\/produkt\/hrnecek-na-espresso-mitterteich-bavaria\/","title":{"rendered":"Hrne\u010dek na espresso \/ Mitterteich Bavaria"},"content":{"rendered":"<p>Hrne\u010dek na espresso v barv\u011b slonov\u00e9 kosti s bordurou tvo\u0159enou drobn\u00fdmi kv\u00edtky je jako pro panenku. Dle zna\u010den\u00ed poch\u00e1z\u00ed z let 1960 a d\u00e1le. Je ve v\u00fdborn\u00e9m stavu, jako by byl snad jen vystaven ve vitr\u00edn\u011b. Kdo jej probud\u00ed k \u017eivotu? K hrne\u010dk\u016fm m\u00e1me ve stejn\u00e9m dekoru i sn\u00edda\u0148ov\u00fd set.<\/p>\n<p>Stav: v\u00fdborn\u00fd<br \/>\nZna\u010dka: Mitterteich Bavaria<br \/>\nRozm\u011br<br \/>\nObjem: 80 ml<br \/>\nTal\u00ed\u0159ek pr\u016fm\u011br: 11,7 cm<\/p>\n","protected":false},"excerpt":{"rendered":"<p>Hrne\u010dek na espresso v barv\u011b slonov\u00e9 kosti s bordurou tvo\u0159enou drobn\u00fdmi kv\u00edtky je jako pro panenku. Dle zna\u010den\u00ed poch\u00e1z\u00ed z<\/p>\n","protected":false},"featured_media":8191,"template":"","meta":[],"product_brand":[153],"product_cat":[91],"product_tag":[],"class_list":{"0":"post-8190","1":"product","2":"type-product","3":"status-publish","4":"has-post-thumbnail","6":"product_brand-eterle-cz","7":"product_cat-prodane","9":"first","10":"outofstock","11":"purchasable","12":"product-type-simple"},"_links":{"self":[{"href":"https:\/\/eterle.cz\/eshop\/wp-json\/wp\/v2\/product\/8190","targetHints":{"allow":["GET"]}}],"collection":[{"href":"https:\/\/eterle.cz\/eshop\/wp-json\/wp\/v2\/product"}],"about":[{"href":"https:\/\/eterle.cz\/eshop\/wp-json\/wp\/v2\/types\/product"}],"version-history":[{"count":0,"href":"https:\/\/eterle.cz\/eshop\/wp-json\/wp\/v2\/product\/8190\/revisions"}],"wp:featuredmedia":[{"embeddable":true,"href":"https:\/\/eterle.cz\/eshop\/wp-json\/wp\/v2\/media\/8191"}],"wp:attachment":[{"href":"https:\/\/eterle.cz\/eshop\/wp-json\/wp\/v2\/media?parent=8190"}],"wp:term":[{"taxonomy":"product_brand","embeddable":true,"href":"https:\/\/eterle.cz\/eshop\/wp-json\/wp\/v2\/product_brand?post=8190"},{"taxonomy":"product_cat","embeddable":true,"href":"https:\/\/eterle.cz\/eshop\/wp-json\/wp\/v2\/product_cat?post=8190"},{"taxonomy":"product_tag","embeddable":true,"href":"https:\/\/eterle.cz\/eshop\/wp-json\/wp\/v2\/product_tag?post=8190"}],"curies":[{"name":"wp","href":"https:\/\/api.w.org\/{rel}","templated":true}]}}