{"id":8196,"date":"2021-12-10T10:37:15","date_gmt":"2021-12-10T09:37:15","guid":{"rendered":"https:\/\/eterle.cz\/eshop\/produkt\/snidanovy-set-mitterteich-bavaria\/"},"modified":"2025-02-16T03:03:30","modified_gmt":"2025-02-16T02:03:30","slug":"snidanovy-set-mitterteich-bavaria","status":"publish","type":"product","link":"https:\/\/eterle.cz\/eshop\/produkt\/snidanovy-set-mitterteich-bavaria\/","title":{"rendered":"Sn\u00edda\u0148ov\u00fd set \/ Mitterteich Bavaria"},"content":{"rendered":"<p>Sn\u00edda\u0148ov\u00fd set v barv\u011b slonov\u00e9 kosti s bordurou tvo\u0159enou drobn\u00fdmi kv\u00edtky pro romantick\u00e9 du\u0161e. Dle zna\u010den\u00ed poch\u00e1z\u00ed z let 1960 a d\u00e1le. Set je mo\u017en\u00e9 doplnit i o hrne\u010dek na espresso ve stejn\u00e9m dekoru. Pak u\u017e chyb\u00ed jen \u010daj, su\u0161enky a dobr\u00e1 n\u00e1lada.<\/p>\n<p>Stav: v\u00fdborn\u00fd<br \/>\nZna\u010dka: Mitterteich Bavaria<br \/>\nRozm\u011br<br \/>\nObjem: 200 ml<br \/>\nPod\u0161\u00e1lek pr\u016fm\u011br: 15,5 cm<br \/>\nTal\u00ed\u0159ek pr\u016fm\u011br: 17,2 cm<\/p>\n","protected":false},"excerpt":{"rendered":"<p>Sn\u00edda\u0148ov\u00fd set v barv\u011b slonov\u00e9 kosti s bordurou tvo\u0159enou drobn\u00fdmi kv\u00edtky pro romantick\u00e9 du\u0161e. Dle zna\u010den\u00ed poch\u00e1z\u00ed z let 1960<\/p>\n","protected":false},"featured_media":8197,"template":"","meta":[],"product_brand":[153],"product_cat":[91],"product_tag":[],"class_list":{"0":"post-8196","1":"product","2":"type-product","3":"status-publish","4":"has-post-thumbnail","6":"product_brand-eterle-cz","7":"product_cat-prodane","9":"first","10":"outofstock","11":"purchasable","12":"product-type-simple"},"_links":{"self":[{"href":"https:\/\/eterle.cz\/eshop\/wp-json\/wp\/v2\/product\/8196","targetHints":{"allow":["GET"]}}],"collection":[{"href":"https:\/\/eterle.cz\/eshop\/wp-json\/wp\/v2\/product"}],"about":[{"href":"https:\/\/eterle.cz\/eshop\/wp-json\/wp\/v2\/types\/product"}],"version-history":[{"count":0,"href":"https:\/\/eterle.cz\/eshop\/wp-json\/wp\/v2\/product\/8196\/revisions"}],"wp:featuredmedia":[{"embeddable":true,"href":"https:\/\/eterle.cz\/eshop\/wp-json\/wp\/v2\/media\/8197"}],"wp:attachment":[{"href":"https:\/\/eterle.cz\/eshop\/wp-json\/wp\/v2\/media?parent=8196"}],"wp:term":[{"taxonomy":"product_brand","embeddable":true,"href":"https:\/\/eterle.cz\/eshop\/wp-json\/wp\/v2\/product_brand?post=8196"},{"taxonomy":"product_cat","embeddable":true,"href":"https:\/\/eterle.cz\/eshop\/wp-json\/wp\/v2\/product_cat?post=8196"},{"taxonomy":"product_tag","embeddable":true,"href":"https:\/\/eterle.cz\/eshop\/wp-json\/wp\/v2\/product_tag?post=8196"}],"curies":[{"name":"wp","href":"https:\/\/api.w.org\/{rel}","templated":true}]}}