{"id":8202,"date":"2021-12-10T10:37:25","date_gmt":"2021-12-10T09:37:25","guid":{"rendered":"https:\/\/eterle.cz\/eshop\/produkt\/misa-kpm\/"},"modified":"2025-02-16T03:03:30","modified_gmt":"2025-02-16T02:03:30","slug":"misa-kpm","status":"publish","type":"product","link":"https:\/\/eterle.cz\/eshop\/produkt\/misa-kpm\/","title":{"rendered":"M\u00edsa \/ KPM"},"content":{"rendered":"<p>Lah\u016fdka pro sb\u011bratele porcel\u00e1nu. Porcel\u00e1n zna\u010dky KPM je mezi znalci a sb\u011brateli po cel\u00e9m sv\u011bt\u011b velmi \u017e\u00e1dan\u00fd. Jde o t\u00e9m\u011b\u0159 v\u00fdhradn\u011b ru\u010dn\u00ed v\u00fdrobu, kter\u00e1 spolu se slo\u017eitou dekora\u010dn\u00ed technikou dod\u00e1v\u00e1 ka\u017ed\u00e9mu kusu skute\u010dn\u011b jedine\u010dn\u00fd charakter. Ne\u017e produkt z\u00edsk\u00e1 ochrannou zn\u00e1mku v podob\u011b slavn\u00e9ho kobaltov\u011b modr\u00e9ho \u017eezla, mus\u00ed proj\u00edt p\u0159\u00edsn\u00fdmi kontrolami kvality.<\/p>\n<p>Stav: hezk\u00fd vintage stav, zlat\u00e1 linka m\u00edsty set\u0159en\u00e1, ale vypad\u00e1 to jak \u00famysln\u00e1 nedokonalost. Zespodu m\u00edsy mal\u00fd v\u00fdrobn\u00ed kaz v glazu\u0159e<br \/>\nZna\u010dka: KPM<br \/>\nRozm\u011br<br \/>\nD\u00e9lka: 29,5 cm<br \/>\n\u0160\u00ed\u0159ka: 23 cm<\/p>\n","protected":false},"excerpt":{"rendered":"<p>Lah\u016fdka pro sb\u011bratele porcel\u00e1nu. Porcel\u00e1n zna\u010dky KPM je mezi znalci a sb\u011brateli po cel\u00e9m sv\u011bt\u011b velmi \u017e\u00e1dan\u00fd. Jde o t\u00e9m\u011b\u0159<\/p>\n","protected":false},"featured_media":8203,"template":"","meta":[],"product_brand":[153],"product_cat":[91],"product_tag":[],"class_list":{"0":"post-8202","1":"product","2":"type-product","3":"status-publish","4":"has-post-thumbnail","6":"product_brand-eterle-cz","7":"product_cat-prodane","9":"first","10":"outofstock","11":"purchasable","12":"product-type-simple"},"_links":{"self":[{"href":"https:\/\/eterle.cz\/eshop\/wp-json\/wp\/v2\/product\/8202","targetHints":{"allow":["GET"]}}],"collection":[{"href":"https:\/\/eterle.cz\/eshop\/wp-json\/wp\/v2\/product"}],"about":[{"href":"https:\/\/eterle.cz\/eshop\/wp-json\/wp\/v2\/types\/product"}],"version-history":[{"count":0,"href":"https:\/\/eterle.cz\/eshop\/wp-json\/wp\/v2\/product\/8202\/revisions"}],"wp:featuredmedia":[{"embeddable":true,"href":"https:\/\/eterle.cz\/eshop\/wp-json\/wp\/v2\/media\/8203"}],"wp:attachment":[{"href":"https:\/\/eterle.cz\/eshop\/wp-json\/wp\/v2\/media?parent=8202"}],"wp:term":[{"taxonomy":"product_brand","embeddable":true,"href":"https:\/\/eterle.cz\/eshop\/wp-json\/wp\/v2\/product_brand?post=8202"},{"taxonomy":"product_cat","embeddable":true,"href":"https:\/\/eterle.cz\/eshop\/wp-json\/wp\/v2\/product_cat?post=8202"},{"taxonomy":"product_tag","embeddable":true,"href":"https:\/\/eterle.cz\/eshop\/wp-json\/wp\/v2\/product_tag?post=8202"}],"curies":[{"name":"wp","href":"https:\/\/api.w.org\/{rel}","templated":true}]}}