{"id":8208,"date":"2021-12-10T10:37:36","date_gmt":"2021-12-10T09:37:36","guid":{"rendered":"https:\/\/eterle.cz\/eshop\/produkt\/misa-s-trpaslikem-thun\/"},"modified":"2025-02-16T03:03:30","modified_gmt":"2025-02-16T02:03:30","slug":"misa-s-trpaslikem-thun","status":"publish","type":"product","link":"https:\/\/eterle.cz\/eshop\/produkt\/misa-s-trpaslikem-thun\/","title":{"rendered":"M\u00edsa s trpasl\u00edkem \/ Thun"},"content":{"rendered":"<p>M\u00edsa, kter\u00e1 sv\u00fdm motivem zaujme hlavn\u011b d\u011bti nebo recesistu. R\u016f\u017eov\u00e9 pras\u00e1tko pro \u0161t\u011bst\u00ed a trpasl\u00edk, kter\u00fd v\u00e1m zaru\u010den\u011b do r\u00e1na nevyroste, ani kdy\u017e m\u00e1te sm\u016flu.<\/p>\n<p>Stav: velmi dobr\u00fd, \u017e\u00e1dn\u00e9 o\u0165uky \u010di praskliny<br \/>\nZna\u010dka: Thun<br \/>\nRozm\u011br<br \/>\nD\u00e9lka: 35,5 cm<br \/>\n\u0160\u00ed\u0159ka: 26 cm<\/p>\n","protected":false},"excerpt":{"rendered":"<p>M\u00edsa, kter\u00e1 sv\u00fdm motivem zaujme hlavn\u011b d\u011bti nebo recesistu. R\u016f\u017eov\u00e9 pras\u00e1tko pro \u0161t\u011bst\u00ed a trpasl\u00edk, kter\u00fd v\u00e1m zaru\u010den\u011b do r\u00e1na<\/p>\n","protected":false},"featured_media":8209,"template":"","meta":[],"product_brand":[153],"product_cat":[91],"product_tag":[],"class_list":{"0":"post-8208","1":"product","2":"type-product","3":"status-publish","4":"has-post-thumbnail","6":"product_brand-eterle-cz","7":"product_cat-prodane","9":"first","10":"outofstock","11":"purchasable","12":"product-type-simple"},"_links":{"self":[{"href":"https:\/\/eterle.cz\/eshop\/wp-json\/wp\/v2\/product\/8208","targetHints":{"allow":["GET"]}}],"collection":[{"href":"https:\/\/eterle.cz\/eshop\/wp-json\/wp\/v2\/product"}],"about":[{"href":"https:\/\/eterle.cz\/eshop\/wp-json\/wp\/v2\/types\/product"}],"version-history":[{"count":0,"href":"https:\/\/eterle.cz\/eshop\/wp-json\/wp\/v2\/product\/8208\/revisions"}],"wp:featuredmedia":[{"embeddable":true,"href":"https:\/\/eterle.cz\/eshop\/wp-json\/wp\/v2\/media\/8209"}],"wp:attachment":[{"href":"https:\/\/eterle.cz\/eshop\/wp-json\/wp\/v2\/media?parent=8208"}],"wp:term":[{"taxonomy":"product_brand","embeddable":true,"href":"https:\/\/eterle.cz\/eshop\/wp-json\/wp\/v2\/product_brand?post=8208"},{"taxonomy":"product_cat","embeddable":true,"href":"https:\/\/eterle.cz\/eshop\/wp-json\/wp\/v2\/product_cat?post=8208"},{"taxonomy":"product_tag","embeddable":true,"href":"https:\/\/eterle.cz\/eshop\/wp-json\/wp\/v2\/product_tag?post=8208"}],"curies":[{"name":"wp","href":"https:\/\/api.w.org\/{rel}","templated":true}]}}