{"id":8213,"date":"2021-12-10T10:37:45","date_gmt":"2021-12-10T09:37:45","guid":{"rendered":"https:\/\/eterle.cz\/eshop\/produkt\/servirovaci-tac-seltmann-weiden\/"},"modified":"2025-02-16T03:03:29","modified_gmt":"2025-02-16T02:03:29","slug":"servirovaci-tac-seltmann-weiden","status":"publish","type":"product","link":"https:\/\/eterle.cz\/eshop\/produkt\/servirovaci-tac-seltmann-weiden\/","title":{"rendered":"Serv\u00edrovac\u00ed t\u00e1c \/ Seltmann Weiden"},"content":{"rendered":"<p>Serv\u00edrovac\u00ed t\u00e1c je d\u00edky sv\u00e9mu ploch\u00e9mu tvaru vhodn\u00fd na dort i drobn\u00e9 pochutiny. Tento od zna\u010dky Seltmann je velmi elegantn\u00ed, modern\u00ed a naprosto n\u00e1s okouzlil. Dlouho jsme se ho necht\u011bly vzd\u00e1t, ale nakonec jsme si \u0159ekly, \u017ee kdy\u017e jsou ty V\u00e1noce, ud\u011bl\u00e1me v\u00e1m radost. Do p\u00e1ru k n\u011bmu m\u00e1me je\u0161t\u011b jeden s lehce odli\u0161n\u00fdm dekroem, ale ve stejn\u00e9 barevnosti a stylu.<\/p>\n<p>Stav: velmi dobr\u00fd, drobn\u00e9 \u0161kr\u00e1bance ve st\u0159edu tal\u00ed\u0159e<br \/>\nZna\u010dka: <a href=\"https:\/\/eterle.cz\/eshop\/2021\/07\/29\/seltmann-weiden\/\">Seltmann Weiden, Bavaria Germany<\/a><br \/>\nRozm\u011br<br \/>\nPr\u016fm\u011br: 30 cm<\/p>\n","protected":false},"excerpt":{"rendered":"<p>Serv\u00edrovac\u00ed t\u00e1c je d\u00edky sv\u00e9mu ploch\u00e9mu tvaru vhodn\u00fd na dort i drobn\u00e9 pochutiny. Tento od zna\u010dky Seltmann je velmi elegantn\u00ed,<\/p>\n","protected":false},"featured_media":8214,"template":"","meta":[],"product_brand":[153],"product_cat":[91],"product_tag":[],"class_list":{"0":"post-8213","1":"product","2":"type-product","3":"status-publish","4":"has-post-thumbnail","6":"product_brand-eterle-cz","7":"product_cat-prodane","9":"first","10":"outofstock","11":"purchasable","12":"product-type-simple"},"_links":{"self":[{"href":"https:\/\/eterle.cz\/eshop\/wp-json\/wp\/v2\/product\/8213","targetHints":{"allow":["GET"]}}],"collection":[{"href":"https:\/\/eterle.cz\/eshop\/wp-json\/wp\/v2\/product"}],"about":[{"href":"https:\/\/eterle.cz\/eshop\/wp-json\/wp\/v2\/types\/product"}],"version-history":[{"count":2,"href":"https:\/\/eterle.cz\/eshop\/wp-json\/wp\/v2\/product\/8213\/revisions"}],"predecessor-version":[{"id":8923,"href":"https:\/\/eterle.cz\/eshop\/wp-json\/wp\/v2\/product\/8213\/revisions\/8923"}],"wp:featuredmedia":[{"embeddable":true,"href":"https:\/\/eterle.cz\/eshop\/wp-json\/wp\/v2\/media\/8214"}],"wp:attachment":[{"href":"https:\/\/eterle.cz\/eshop\/wp-json\/wp\/v2\/media?parent=8213"}],"wp:term":[{"taxonomy":"product_brand","embeddable":true,"href":"https:\/\/eterle.cz\/eshop\/wp-json\/wp\/v2\/product_brand?post=8213"},{"taxonomy":"product_cat","embeddable":true,"href":"https:\/\/eterle.cz\/eshop\/wp-json\/wp\/v2\/product_cat?post=8213"},{"taxonomy":"product_tag","embeddable":true,"href":"https:\/\/eterle.cz\/eshop\/wp-json\/wp\/v2\/product_tag?post=8213"}],"curies":[{"name":"wp","href":"https:\/\/api.w.org\/{rel}","templated":true}]}}