{"id":8221,"date":"2021-12-10T10:37:59","date_gmt":"2021-12-10T09:37:59","guid":{"rendered":"https:\/\/eterle.cz\/eshop\/produkt\/misa-zlato-s-platinou-thun\/"},"modified":"2025-02-16T03:03:29","modified_gmt":"2025-02-16T02:03:29","slug":"misa-zlato-s-platinou-thun","status":"publish","type":"product","link":"https:\/\/eterle.cz\/eshop\/produkt\/misa-zlato-s-platinou-thun\/","title":{"rendered":"M\u00edsa zlato s platinou \/ Thun"},"content":{"rendered":"<p>Luxusn\u00ed ov\u00e1ln\u00e1 m\u00edsa zdoben\u00e1 platinou a zlatem je jako stvo\u0159en\u00e1 pro sv\u00e1te\u010dn\u00ed p\u0159\u00edle\u017eitost. Ozdobn\u00fd lem m\u00e1 vzor p\u0159ipom\u00ednaj\u00edc\u00ed dobu secese. M\u00edsa je nepou\u017e\u00edvan\u00e1.<\/p>\n<p>Stav: perfektn\u00ed<br \/>\nZna\u010dka: Thun<br \/>\nRozm\u011br<br \/>\nD\u00e9lka: 32 cm<br \/>\n\u0160\u00ed\u0159ka: 22,5 cm<\/p>\n","protected":false},"excerpt":{"rendered":"<p>Luxusn\u00ed ov\u00e1ln\u00e1 m\u00edsa zdoben\u00e1 platinou a zlatem je jako stvo\u0159en\u00e1 pro sv\u00e1te\u010dn\u00ed p\u0159\u00edle\u017eitost. Ozdobn\u00fd lem m\u00e1 vzor p\u0159ipom\u00ednaj\u00edc\u00ed dobu secese.<\/p>\n","protected":false},"featured_media":8222,"template":"","meta":[],"product_brand":[153],"product_cat":[91],"product_tag":[],"class_list":{"0":"post-8221","1":"product","2":"type-product","3":"status-publish","4":"has-post-thumbnail","6":"product_brand-eterle-cz","7":"product_cat-prodane","9":"first","10":"outofstock","11":"purchasable","12":"product-type-simple"},"_links":{"self":[{"href":"https:\/\/eterle.cz\/eshop\/wp-json\/wp\/v2\/product\/8221","targetHints":{"allow":["GET"]}}],"collection":[{"href":"https:\/\/eterle.cz\/eshop\/wp-json\/wp\/v2\/product"}],"about":[{"href":"https:\/\/eterle.cz\/eshop\/wp-json\/wp\/v2\/types\/product"}],"version-history":[{"count":0,"href":"https:\/\/eterle.cz\/eshop\/wp-json\/wp\/v2\/product\/8221\/revisions"}],"wp:featuredmedia":[{"embeddable":true,"href":"https:\/\/eterle.cz\/eshop\/wp-json\/wp\/v2\/media\/8222"}],"wp:attachment":[{"href":"https:\/\/eterle.cz\/eshop\/wp-json\/wp\/v2\/media?parent=8221"}],"wp:term":[{"taxonomy":"product_brand","embeddable":true,"href":"https:\/\/eterle.cz\/eshop\/wp-json\/wp\/v2\/product_brand?post=8221"},{"taxonomy":"product_cat","embeddable":true,"href":"https:\/\/eterle.cz\/eshop\/wp-json\/wp\/v2\/product_cat?post=8221"},{"taxonomy":"product_tag","embeddable":true,"href":"https:\/\/eterle.cz\/eshop\/wp-json\/wp\/v2\/product_tag?post=8221"}],"curies":[{"name":"wp","href":"https:\/\/api.w.org\/{rel}","templated":true}]}}