{"id":8225,"date":"2021-12-10T10:38:05","date_gmt":"2021-12-10T09:38:05","guid":{"rendered":"https:\/\/eterle.cz\/eshop\/produkt\/misa-thomas\/"},"modified":"2025-06-24T01:51:47","modified_gmt":"2025-06-23T23:51:47","slug":"misa-thomas","status":"publish","type":"product","link":"https:\/\/eterle.cz\/eshop\/produkt\/misa-thomas\/","title":{"rendered":"M\u00edsa \/ Thomas"},"content":{"rendered":"<p>M\u00edsa Thomas zdoben\u00e1 siln\u00fdm zlat\u00fdm pruhem s geometrick\u00fdmi linkami v nepravideln\u00fdch sm\u011brech bude ozdobou na jak\u00e9koliv sv\u00e1te\u010dn\u00ed tabuli. Zlato j\u00ed dod\u00e1v\u00e1 na noblesnosti a abstraktn\u00ed \u010d\u00e1ry j\u00ed d\u00e1vaj\u00ed modern\u00ed \u0161mrnc.<\/p>\n<p>Stav: velmi dobr\u00fd, jen drobn\u00e9 \u0161kr\u00e1bance v b\u00edl\u00e9 \u010d\u00e1sti od pou\u017e\u00edv\u00e1n\u00ed<br \/>\nZna\u010dka: Thomas<br \/>\nRozm\u011br<br \/>\nD\u00e9lka: 33 cm<br \/>\n\u0160\u00ed\u0159ka: 24 cm<\/p>\n","protected":false},"excerpt":{"rendered":"<p>M\u00edsa Thomas zdoben\u00e1 siln\u00fdm zlat\u00fdm pruhem s geometrick\u00fdmi linkami v nepravideln\u00fdch sm\u011brech bude ozdobou na jak\u00e9koliv sv\u00e1te\u010dn\u00ed tabuli. Zlato j\u00ed<\/p>\n","protected":false},"featured_media":8226,"template":"","meta":[],"product_brand":[153],"product_cat":[76,110],"product_tag":[],"class_list":{"0":"post-8225","1":"product","2":"type-product","3":"status-publish","4":"has-post-thumbnail","6":"product_brand-eterle-cz","7":"product_cat-porcelan","8":"product_cat-misy","10":"first","11":"instock","12":"purchasable","13":"product-type-simple"},"_links":{"self":[{"href":"https:\/\/eterle.cz\/eshop\/wp-json\/wp\/v2\/product\/8225","targetHints":{"allow":["GET"]}}],"collection":[{"href":"https:\/\/eterle.cz\/eshop\/wp-json\/wp\/v2\/product"}],"about":[{"href":"https:\/\/eterle.cz\/eshop\/wp-json\/wp\/v2\/types\/product"}],"version-history":[{"count":1,"href":"https:\/\/eterle.cz\/eshop\/wp-json\/wp\/v2\/product\/8225\/revisions"}],"predecessor-version":[{"id":26094,"href":"https:\/\/eterle.cz\/eshop\/wp-json\/wp\/v2\/product\/8225\/revisions\/26094"}],"wp:featuredmedia":[{"embeddable":true,"href":"https:\/\/eterle.cz\/eshop\/wp-json\/wp\/v2\/media\/8226"}],"wp:attachment":[{"href":"https:\/\/eterle.cz\/eshop\/wp-json\/wp\/v2\/media?parent=8225"}],"wp:term":[{"taxonomy":"product_brand","embeddable":true,"href":"https:\/\/eterle.cz\/eshop\/wp-json\/wp\/v2\/product_brand?post=8225"},{"taxonomy":"product_cat","embeddable":true,"href":"https:\/\/eterle.cz\/eshop\/wp-json\/wp\/v2\/product_cat?post=8225"},{"taxonomy":"product_tag","embeddable":true,"href":"https:\/\/eterle.cz\/eshop\/wp-json\/wp\/v2\/product_tag?post=8225"}],"curies":[{"name":"wp","href":"https:\/\/api.w.org\/{rel}","templated":true}]}}