{"id":8236,"date":"2021-12-10T10:38:21","date_gmt":"2021-12-10T09:38:21","guid":{"rendered":"https:\/\/eterle.cz\/eshop\/produkt\/dezertni-talirek-wm-hulme-england\/"},"modified":"2025-02-16T03:03:28","modified_gmt":"2025-02-16T02:03:28","slug":"dezertni-talirek-wm-hulme-england","status":"publish","type":"product","link":"https:\/\/eterle.cz\/eshop\/produkt\/dezertni-talirek-wm-hulme-england\/","title":{"rendered":"Dezertn\u00ed tal\u00ed\u0159ek \/ Wm Hulme, England"},"content":{"rendered":"<p>Anglick\u00fd dezertn\u00ed tal\u00ed\u0159ek tentokr\u00e1t v m\u00e9n\u011b typick\u00e9m dekoru, ale op\u011bt z\u00e1klad tvo\u0159\u00ed barva slonov\u00e9 kosti. Vzorem jsou kv\u011bty kakostu a anglick\u00fdch r\u016f\u017e\u00ed. Zlat\u00fd prou\u017eek je jakoby rozpit\u00fd, co\u017e dod\u00e1v\u00e1 tal\u00ed\u0159ku kr\u00e1snou patinu.<\/p>\n<p>Stav: perfektn\u00ed<br \/>\nZna\u010dka: William Hulme, ENgland<br \/>\nRozm\u011br<br \/>\nPr\u016fm\u011br: 16,4 cm<\/p>\n","protected":false},"excerpt":{"rendered":"<p>Anglick\u00fd dezertn\u00ed tal\u00ed\u0159ek tentokr\u00e1t v m\u00e9n\u011b typick\u00e9m dekoru, ale op\u011bt z\u00e1klad tvo\u0159\u00ed barva slonov\u00e9 kosti. Vzorem jsou kv\u011bty kakostu a<\/p>\n","protected":false},"featured_media":8237,"template":"","meta":[],"product_brand":[153],"product_cat":[91],"product_tag":[],"class_list":{"0":"post-8236","1":"product","2":"type-product","3":"status-publish","4":"has-post-thumbnail","6":"product_brand-eterle-cz","7":"product_cat-prodane","9":"first","10":"outofstock","11":"purchasable","12":"product-type-simple"},"_links":{"self":[{"href":"https:\/\/eterle.cz\/eshop\/wp-json\/wp\/v2\/product\/8236","targetHints":{"allow":["GET"]}}],"collection":[{"href":"https:\/\/eterle.cz\/eshop\/wp-json\/wp\/v2\/product"}],"about":[{"href":"https:\/\/eterle.cz\/eshop\/wp-json\/wp\/v2\/types\/product"}],"version-history":[{"count":0,"href":"https:\/\/eterle.cz\/eshop\/wp-json\/wp\/v2\/product\/8236\/revisions"}],"wp:featuredmedia":[{"embeddable":true,"href":"https:\/\/eterle.cz\/eshop\/wp-json\/wp\/v2\/media\/8237"}],"wp:attachment":[{"href":"https:\/\/eterle.cz\/eshop\/wp-json\/wp\/v2\/media?parent=8236"}],"wp:term":[{"taxonomy":"product_brand","embeddable":true,"href":"https:\/\/eterle.cz\/eshop\/wp-json\/wp\/v2\/product_brand?post=8236"},{"taxonomy":"product_cat","embeddable":true,"href":"https:\/\/eterle.cz\/eshop\/wp-json\/wp\/v2\/product_cat?post=8236"},{"taxonomy":"product_tag","embeddable":true,"href":"https:\/\/eterle.cz\/eshop\/wp-json\/wp\/v2\/product_tag?post=8236"}],"curies":[{"name":"wp","href":"https:\/\/api.w.org\/{rel}","templated":true}]}}