{"id":8240,"date":"2021-12-10T10:38:28","date_gmt":"2021-12-10T09:38:28","guid":{"rendered":"https:\/\/eterle.cz\/eshop\/produkt\/hluboky-talir-myott-roal-mail\/"},"modified":"2025-02-16T03:03:27","modified_gmt":"2025-02-16T02:03:27","slug":"hluboky-talir-myott-roal-mail","status":"publish","type":"product","link":"https:\/\/eterle.cz\/eshop\/produkt\/hluboky-talir-myott-roal-mail\/","title":{"rendered":"Hlubok\u00fd tal\u00ed\u0159 \/ Myott Roal Mail"},"content":{"rendered":"<p>Ru\u010dn\u011b malovan\u00fd tal\u00ed\u0159 obl\u00edben\u00e9ho anglick\u00e9ho porcel\u00e1nu je z tlust\u00e9ho st\u0159epu v barv\u011b slonov\u00e9 kosti. Jak u\u017e b\u00fdv\u00e1 u tohoto druhu porcel\u00e1nu zvykem, i zde se nach\u00e1z\u00ed motiv anglick\u00e9ho venkova, kter\u00fd je po cel\u00e9 plo\u0161e tal\u00ed\u0159e a nen\u00ed ohrani\u010den \u017e\u00e1dn\u00fdm lemem.<\/p>\n<p>Stav: perfektn\u00ed<br \/>\nZna\u010dka: Myott Royal Mail, England<br \/>\nRozm\u011br<br \/>\nPr\u016fm\u011br: 22,5 cm<\/p>\n","protected":false},"excerpt":{"rendered":"<p>Ru\u010dn\u011b malovan\u00fd tal\u00ed\u0159 obl\u00edben\u00e9ho anglick\u00e9ho porcel\u00e1nu je z tlust\u00e9ho st\u0159epu v barv\u011b slonov\u00e9 kosti. Jak u\u017e b\u00fdv\u00e1 u tohoto druhu<\/p>\n","protected":false},"featured_media":8241,"template":"","meta":[],"product_brand":[153],"product_cat":[91],"product_tag":[],"class_list":{"0":"post-8240","1":"product","2":"type-product","3":"status-publish","4":"has-post-thumbnail","6":"product_brand-eterle-cz","7":"product_cat-prodane","9":"first","10":"outofstock","11":"purchasable","12":"product-type-simple"},"_links":{"self":[{"href":"https:\/\/eterle.cz\/eshop\/wp-json\/wp\/v2\/product\/8240","targetHints":{"allow":["GET"]}}],"collection":[{"href":"https:\/\/eterle.cz\/eshop\/wp-json\/wp\/v2\/product"}],"about":[{"href":"https:\/\/eterle.cz\/eshop\/wp-json\/wp\/v2\/types\/product"}],"version-history":[{"count":0,"href":"https:\/\/eterle.cz\/eshop\/wp-json\/wp\/v2\/product\/8240\/revisions"}],"wp:featuredmedia":[{"embeddable":true,"href":"https:\/\/eterle.cz\/eshop\/wp-json\/wp\/v2\/media\/8241"}],"wp:attachment":[{"href":"https:\/\/eterle.cz\/eshop\/wp-json\/wp\/v2\/media?parent=8240"}],"wp:term":[{"taxonomy":"product_brand","embeddable":true,"href":"https:\/\/eterle.cz\/eshop\/wp-json\/wp\/v2\/product_brand?post=8240"},{"taxonomy":"product_cat","embeddable":true,"href":"https:\/\/eterle.cz\/eshop\/wp-json\/wp\/v2\/product_cat?post=8240"},{"taxonomy":"product_tag","embeddable":true,"href":"https:\/\/eterle.cz\/eshop\/wp-json\/wp\/v2\/product_tag?post=8240"}],"curies":[{"name":"wp","href":"https:\/\/api.w.org\/{rel}","templated":true}]}}