{"id":8248,"date":"2021-12-10T10:38:40","date_gmt":"2021-12-10T09:38:40","guid":{"rendered":"https:\/\/eterle.cz\/eshop\/produkt\/sada-melkych-taliru-6ks-thun\/"},"modified":"2025-02-16T03:03:27","modified_gmt":"2025-02-16T02:03:27","slug":"sada-melkych-taliru-6ks-thun","status":"publish","type":"product","link":"https:\/\/eterle.cz\/eshop\/produkt\/sada-melkych-taliru-6ks-thun\/","title":{"rendered":"Sada m\u011blk\u00fdch tal\u00ed\u0159\u016f (6ks) \/ Thun"},"content":{"rendered":"<p>Luxusn\u00ed, elegantn\u00ed sada tal\u00ed\u0159\u016f z porcel\u00e1nky Thun. Hodit se bude do ka\u017ed\u00e9 rodiny na slavnost\u00ed tabuli. Zna\u010dka &#8222;kup rychle&#8220; \ud83d\ude42<\/p>\n<p>Stav: perfektn\u00ed<br \/>\nZna\u010dka: Thun<br \/>\nRozm\u011br<br \/>\nPr\u016fm\u011br: 24,7 cm<\/p>\n","protected":false},"excerpt":{"rendered":"<p>Luxusn\u00ed, elegantn\u00ed sada tal\u00ed\u0159\u016f z porcel\u00e1nky Thun. Hodit se bude do ka\u017ed\u00e9 rodiny na slavnost\u00ed tabuli. Zna\u010dka &#8222;kup rychle&#8220; \ud83d\ude42<\/p>\n","protected":false},"featured_media":8249,"template":"","meta":[],"product_brand":[153],"product_cat":[91],"product_tag":[],"class_list":{"0":"post-8248","1":"product","2":"type-product","3":"status-publish","4":"has-post-thumbnail","6":"product_brand-eterle-cz","7":"product_cat-prodane","9":"first","10":"outofstock","11":"purchasable","12":"product-type-simple"},"_links":{"self":[{"href":"https:\/\/eterle.cz\/eshop\/wp-json\/wp\/v2\/product\/8248","targetHints":{"allow":["GET"]}}],"collection":[{"href":"https:\/\/eterle.cz\/eshop\/wp-json\/wp\/v2\/product"}],"about":[{"href":"https:\/\/eterle.cz\/eshop\/wp-json\/wp\/v2\/types\/product"}],"version-history":[{"count":0,"href":"https:\/\/eterle.cz\/eshop\/wp-json\/wp\/v2\/product\/8248\/revisions"}],"wp:featuredmedia":[{"embeddable":true,"href":"https:\/\/eterle.cz\/eshop\/wp-json\/wp\/v2\/media\/8249"}],"wp:attachment":[{"href":"https:\/\/eterle.cz\/eshop\/wp-json\/wp\/v2\/media?parent=8248"}],"wp:term":[{"taxonomy":"product_brand","embeddable":true,"href":"https:\/\/eterle.cz\/eshop\/wp-json\/wp\/v2\/product_brand?post=8248"},{"taxonomy":"product_cat","embeddable":true,"href":"https:\/\/eterle.cz\/eshop\/wp-json\/wp\/v2\/product_cat?post=8248"},{"taxonomy":"product_tag","embeddable":true,"href":"https:\/\/eterle.cz\/eshop\/wp-json\/wp\/v2\/product_tag?post=8248"}],"curies":[{"name":"wp","href":"https:\/\/api.w.org\/{rel}","templated":true}]}}