{"id":8252,"date":"2021-12-10T10:38:46","date_gmt":"2021-12-10T09:38:46","guid":{"rendered":"https:\/\/eterle.cz\/eshop\/produkt\/melky-talir-soho-pottery\/"},"modified":"2025-02-16T03:03:26","modified_gmt":"2025-02-16T02:03:26","slug":"melky-talir-soho-pottery","status":"publish","type":"product","link":"https:\/\/eterle.cz\/eshop\/produkt\/melky-talir-soho-pottery\/","title":{"rendered":"M\u011blk\u00fd tal\u00ed\u0159 \/ Soho pottery"},"content":{"rendered":"<p>Star\u00fd anglikc\u00fd tal\u00ed\u0159 dle zna\u010den\u00ed poch\u00e1z\u00ed z let 1930+ Op\u011bt se jedn\u00e1 o tlust\u00fd st\u0159ep v barv\u011b slonov\u00e9 kosti. Vzhledem ke st\u00e1\u0159\u00ed tal\u00ed\u0159e je u\u017e glazura popraskan\u00e1, co\u017e mu dod\u00e1v\u00e1 kr\u00e1sn\u00fd starobyl\u00fd n\u00e1dech. V\u00fdrazn\u00fd zelen\u00fd lem je v kontrastu s decentn\u00edm zlat\u00fdm vzorem. Vid\u011bli bychom na n\u011bm tmav\u00fd \u010dokol\u00e1dov\u00fd dort.<\/p>\n<p>Stav: hezk\u00fd s patinou, velmi jemn\u00e9 krakov\u00e1n\u00ed v glazu\u0159e<br \/>\nZna\u010dka: Soho Pottery, Ambassodor Ware, England<br \/>\nRozm\u011br<br \/>\nPr\u016fm\u011br: 25,5 cm<\/p>\n","protected":false},"excerpt":{"rendered":"<p>Star\u00fd anglikc\u00fd tal\u00ed\u0159 dle zna\u010den\u00ed poch\u00e1z\u00ed z let 1930+ Op\u011bt se jedn\u00e1 o tlust\u00fd st\u0159ep v barv\u011b slonov\u00e9 kosti. Vzhledem<\/p>\n","protected":false},"featured_media":8253,"template":"","meta":[],"product_brand":[153],"product_cat":[91],"product_tag":[],"class_list":{"0":"post-8252","1":"product","2":"type-product","3":"status-publish","4":"has-post-thumbnail","6":"product_brand-eterle-cz","7":"product_cat-prodane","9":"first","10":"outofstock","11":"purchasable","12":"product-type-simple"},"_links":{"self":[{"href":"https:\/\/eterle.cz\/eshop\/wp-json\/wp\/v2\/product\/8252","targetHints":{"allow":["GET"]}}],"collection":[{"href":"https:\/\/eterle.cz\/eshop\/wp-json\/wp\/v2\/product"}],"about":[{"href":"https:\/\/eterle.cz\/eshop\/wp-json\/wp\/v2\/types\/product"}],"version-history":[{"count":0,"href":"https:\/\/eterle.cz\/eshop\/wp-json\/wp\/v2\/product\/8252\/revisions"}],"wp:featuredmedia":[{"embeddable":true,"href":"https:\/\/eterle.cz\/eshop\/wp-json\/wp\/v2\/media\/8253"}],"wp:attachment":[{"href":"https:\/\/eterle.cz\/eshop\/wp-json\/wp\/v2\/media?parent=8252"}],"wp:term":[{"taxonomy":"product_brand","embeddable":true,"href":"https:\/\/eterle.cz\/eshop\/wp-json\/wp\/v2\/product_brand?post=8252"},{"taxonomy":"product_cat","embeddable":true,"href":"https:\/\/eterle.cz\/eshop\/wp-json\/wp\/v2\/product_cat?post=8252"},{"taxonomy":"product_tag","embeddable":true,"href":"https:\/\/eterle.cz\/eshop\/wp-json\/wp\/v2\/product_tag?post=8252"}],"curies":[{"name":"wp","href":"https:\/\/api.w.org\/{rel}","templated":true}]}}