{"id":8261,"date":"2021-12-10T10:39:00","date_gmt":"2021-12-10T09:39:00","guid":{"rendered":"https:\/\/eterle.cz\/eshop\/produkt\/sada-taliru-ruzova-mz\/"},"modified":"2025-02-16T03:03:26","modified_gmt":"2025-02-16T02:03:26","slug":"sada-taliru-ruzova-mz","status":"publish","type":"product","link":"https:\/\/eterle.cz\/eshop\/produkt\/sada-taliru-ruzova-mz\/","title":{"rendered":"Sada tal\u00ed\u0159\u016f r\u016f\u017eov\u00e1 \/ MZ"},"content":{"rendered":"<p>Souprava m\u011blk\u00e9ho a hlubok\u00e9ho tal\u00ed\u0159e se \u0161irok\u00fdm r\u016f\u017eov\u00fdm pruhem p\u016fsob\u00ed velmi sv\u011b\u017ee. Lem je nav\u00edc kr\u00e1sn\u011b perforovan\u00fd. V hlubok\u00e9m tal\u00ed\u0159i vid\u00edm v\u00fdvar s nudli\u010dkami a jako druh\u00e9 j\u00eddlo ovocn\u00e9 knedl\u00edky.Ov\u0161em pokud holdujete sp\u00ed\u0161e masu, takov\u00e9 pe\u010den\u00e9 ku\u0159e s bramborem a pa\u017eitkou se bude na pastelov\u00e9m tal\u00ed\u0159i tak\u00e9 kr\u00e1sn\u011b vyj\u00edmat. Soupravu m\u00e1me k dispozici tak\u00e9 ve \u017elut\u00e9m proveden\u00ed.<\/p>\n<p>Stav: perfektn\u00ed vintage<br \/>\nZna\u010dka: Moritz Zdekauer, Czechoslovakia<br \/>\nRozm\u011br<br \/>\nPr\u016fm\u011br hlubok\u00fd tal\u00ed\u0159: 24 cm<br \/>\nPr\u016fm\u011br m\u011blk\u00fd tal\u00ed\u0159: 25 cm<\/p>\n","protected":false},"excerpt":{"rendered":"<p>Souprava m\u011blk\u00e9ho a hlubok\u00e9ho tal\u00ed\u0159e se \u0161irok\u00fdm r\u016f\u017eov\u00fdm pruhem p\u016fsob\u00ed velmi sv\u011b\u017ee. Lem je nav\u00edc kr\u00e1sn\u011b perforovan\u00fd. V hlubok\u00e9m tal\u00ed\u0159i<\/p>\n","protected":false},"featured_media":8262,"template":"","meta":[],"product_brand":[153],"product_cat":[91],"product_tag":[],"class_list":{"0":"post-8261","1":"product","2":"type-product","3":"status-publish","4":"has-post-thumbnail","6":"product_brand-eterle-cz","7":"product_cat-prodane","9":"first","10":"outofstock","11":"purchasable","12":"product-type-simple"},"_links":{"self":[{"href":"https:\/\/eterle.cz\/eshop\/wp-json\/wp\/v2\/product\/8261","targetHints":{"allow":["GET"]}}],"collection":[{"href":"https:\/\/eterle.cz\/eshop\/wp-json\/wp\/v2\/product"}],"about":[{"href":"https:\/\/eterle.cz\/eshop\/wp-json\/wp\/v2\/types\/product"}],"version-history":[{"count":0,"href":"https:\/\/eterle.cz\/eshop\/wp-json\/wp\/v2\/product\/8261\/revisions"}],"wp:featuredmedia":[{"embeddable":true,"href":"https:\/\/eterle.cz\/eshop\/wp-json\/wp\/v2\/media\/8262"}],"wp:attachment":[{"href":"https:\/\/eterle.cz\/eshop\/wp-json\/wp\/v2\/media?parent=8261"}],"wp:term":[{"taxonomy":"product_brand","embeddable":true,"href":"https:\/\/eterle.cz\/eshop\/wp-json\/wp\/v2\/product_brand?post=8261"},{"taxonomy":"product_cat","embeddable":true,"href":"https:\/\/eterle.cz\/eshop\/wp-json\/wp\/v2\/product_cat?post=8261"},{"taxonomy":"product_tag","embeddable":true,"href":"https:\/\/eterle.cz\/eshop\/wp-json\/wp\/v2\/product_tag?post=8261"}],"curies":[{"name":"wp","href":"https:\/\/api.w.org\/{rel}","templated":true}]}}