{"id":8265,"date":"2021-12-10T10:39:06","date_gmt":"2021-12-10T09:39:06","guid":{"rendered":"https:\/\/eterle.cz\/eshop\/produkt\/talir\/"},"modified":"2025-02-16T03:03:25","modified_gmt":"2025-02-16T02:03:25","slug":"talir","status":"publish","type":"product","link":"https:\/\/eterle.cz\/eshop\/produkt\/talir\/","title":{"rendered":"Tal\u00ed\u0159"},"content":{"rendered":"<p>Tal\u00ed\u0159 z tlust\u00e9ho st\u0159epu v barv\u011b slonov\u00e9 kosti zdoben kr\u00e1sn\u011b malovanou kv\u011btinou, jej\u00ed\u017e druh se n\u00e1m nepoda\u0159ilo identifikovat, ale to j\u00ed na kr\u00e1se rozhodn\u011b neub\u00edr\u00e1. Vybledl\u00e9 t\u00f3ny barev i vzor dod\u00e1vaj\u00ed tal\u00ed\u0159\u00ed starobyl\u00fd \u0161mrnc.<\/p>\n<p>Stav: dobr\u00fd vintage, lekh\u00e1 patina v podob\u011b m\u00edsty set\u0159en\u00e9 zelen\u00e9 barvy. Mal\u00fd o\u0165uk zespoda tal\u00ed\u0159e<br \/>\nRozm\u011br<br \/>\nPr\u016fm\u011br: 22 cm<\/p>\n","protected":false},"excerpt":{"rendered":"<p>Tal\u00ed\u0159 z tlust\u00e9ho st\u0159epu v barv\u011b slonov\u00e9 kosti zdoben kr\u00e1sn\u011b malovanou kv\u011btinou, jej\u00ed\u017e druh se n\u00e1m nepoda\u0159ilo identifikovat, ale to<\/p>\n","protected":false},"featured_media":8266,"template":"","meta":[],"product_brand":[153],"product_cat":[91],"product_tag":[],"class_list":{"0":"post-8265","1":"product","2":"type-product","3":"status-publish","4":"has-post-thumbnail","6":"product_brand-eterle-cz","7":"product_cat-prodane","9":"first","10":"outofstock","11":"purchasable","12":"product-type-simple"},"_links":{"self":[{"href":"https:\/\/eterle.cz\/eshop\/wp-json\/wp\/v2\/product\/8265","targetHints":{"allow":["GET"]}}],"collection":[{"href":"https:\/\/eterle.cz\/eshop\/wp-json\/wp\/v2\/product"}],"about":[{"href":"https:\/\/eterle.cz\/eshop\/wp-json\/wp\/v2\/types\/product"}],"version-history":[{"count":0,"href":"https:\/\/eterle.cz\/eshop\/wp-json\/wp\/v2\/product\/8265\/revisions"}],"wp:featuredmedia":[{"embeddable":true,"href":"https:\/\/eterle.cz\/eshop\/wp-json\/wp\/v2\/media\/8266"}],"wp:attachment":[{"href":"https:\/\/eterle.cz\/eshop\/wp-json\/wp\/v2\/media?parent=8265"}],"wp:term":[{"taxonomy":"product_brand","embeddable":true,"href":"https:\/\/eterle.cz\/eshop\/wp-json\/wp\/v2\/product_brand?post=8265"},{"taxonomy":"product_cat","embeddable":true,"href":"https:\/\/eterle.cz\/eshop\/wp-json\/wp\/v2\/product_cat?post=8265"},{"taxonomy":"product_tag","embeddable":true,"href":"https:\/\/eterle.cz\/eshop\/wp-json\/wp\/v2\/product_tag?post=8265"}],"curies":[{"name":"wp","href":"https:\/\/api.w.org\/{rel}","templated":true}]}}