{"id":8276,"date":"2021-12-10T10:39:24","date_gmt":"2021-12-10T09:39:24","guid":{"rendered":"https:\/\/eterle.cz\/eshop\/produkt\/sapo\/"},"modified":"2025-02-16T03:03:25","modified_gmt":"2025-02-16T02:03:25","slug":"sapo","status":"publish","type":"product","link":"https:\/\/eterle.cz\/eshop\/produkt\/sapo\/","title":{"rendered":"\u0160apo"},"content":{"rendered":"<p>\u0160apo v temn\u011b modr\u00e9 barv\u011b kr\u00e1sn\u011b kontrastuj\u00edc\u00ed se zlatou linkou. Dle tlust\u00e9ho st\u0159epu a vnit\u0159n\u00edho zbarven\u00ed do slonov\u00e9 kosti odadujem, \u017ee se jedn\u00e1 o anglick\u00fd porcel\u00e1n.<\/p>\n<p>Stav: kr\u00e1sn\u00fd, zlat\u00e1 linka je m\u00edsty lehce od\u0159ena<br \/>\nRozm\u011br<br \/>\nObjem: 190 ml<br \/>\nPr\u016fm\u011br pod\u0161\u00e1lku: 15,5 cm<\/p>\n","protected":false},"excerpt":{"rendered":"<p>\u0160apo v temn\u011b modr\u00e9 barv\u011b kr\u00e1sn\u011b kontrastuj\u00edc\u00ed se zlatou linkou. Dle tlust\u00e9ho st\u0159epu a vnit\u0159n\u00edho zbarven\u00ed do slonov\u00e9 kosti odadujem,<\/p>\n","protected":false},"featured_media":8277,"template":"","meta":[],"product_brand":[153],"product_cat":[91],"product_tag":[],"class_list":{"0":"post-8276","1":"product","2":"type-product","3":"status-publish","4":"has-post-thumbnail","6":"product_brand-eterle-cz","7":"product_cat-prodane","9":"first","10":"outofstock","11":"purchasable","12":"product-type-simple"},"_links":{"self":[{"href":"https:\/\/eterle.cz\/eshop\/wp-json\/wp\/v2\/product\/8276","targetHints":{"allow":["GET"]}}],"collection":[{"href":"https:\/\/eterle.cz\/eshop\/wp-json\/wp\/v2\/product"}],"about":[{"href":"https:\/\/eterle.cz\/eshop\/wp-json\/wp\/v2\/types\/product"}],"version-history":[{"count":0,"href":"https:\/\/eterle.cz\/eshop\/wp-json\/wp\/v2\/product\/8276\/revisions"}],"wp:featuredmedia":[{"embeddable":true,"href":"https:\/\/eterle.cz\/eshop\/wp-json\/wp\/v2\/media\/8277"}],"wp:attachment":[{"href":"https:\/\/eterle.cz\/eshop\/wp-json\/wp\/v2\/media?parent=8276"}],"wp:term":[{"taxonomy":"product_brand","embeddable":true,"href":"https:\/\/eterle.cz\/eshop\/wp-json\/wp\/v2\/product_brand?post=8276"},{"taxonomy":"product_cat","embeddable":true,"href":"https:\/\/eterle.cz\/eshop\/wp-json\/wp\/v2\/product_cat?post=8276"},{"taxonomy":"product_tag","embeddable":true,"href":"https:\/\/eterle.cz\/eshop\/wp-json\/wp\/v2\/product_tag?post=8276"}],"curies":[{"name":"wp","href":"https:\/\/api.w.org\/{rel}","templated":true}]}}