{"id":8279,"date":"2021-12-10T10:39:29","date_gmt":"2021-12-10T09:39:29","guid":{"rendered":"https:\/\/eterle.cz\/eshop\/produkt\/sapo-pro-dva-loucky\/"},"modified":"2025-02-16T03:03:25","modified_gmt":"2025-02-16T02:03:25","slug":"sapo-pro-dva-loucky","status":"publish","type":"product","link":"https:\/\/eterle.cz\/eshop\/produkt\/sapo-pro-dva-loucky\/","title":{"rendered":"\u0160apo pro dva \/ Lou\u010dky"},"content":{"rendered":"<p>Dva kr\u00e1sn\u00e9 hrne\u010dky pro p\u00e1r jsou barevn\u011b rozli\u0161en\u00e9, tak\u017ee ka\u017ed\u00fd si pozn\u00e1 ten sv\u016fj. Fotografie tro\u0161ku zkresluje, hrne\u010dek je sp\u00ed\u0161e zelenkav\u00fd ne\u017e \u017elut\u00fd. Druh\u00e1 barva je bled\u011bmodr\u00e1. Jedn\u00e1 se o kr\u00e1sn\u00fd tenk\u00fd st\u0159ep z porcel\u00e1nky Lou\u010dky. Konkr\u00e9tn\u011b o tvar Cornelia, kter\u00fd byl p\u0159edstaven v roce 1956 podle n\u00e1vrhu model\u00e1\u0159e Jana Hahna.<\/p>\n<p>Stav: perfektn\u00ed<br \/>\nZna\u010dka: Cornelia Lou\u010dky, Carlsbad Czechoslovakia<br \/>\nRozm\u011br<br \/>\nObjem: 150 ml<br \/>\nPr\u016fm\u011br pod\u0161\u00e1lku: 14 cm<\/p>\n","protected":false},"excerpt":{"rendered":"<p>Dva kr\u00e1sn\u00e9 hrne\u010dky pro p\u00e1r jsou barevn\u011b rozli\u0161en\u00e9, tak\u017ee ka\u017ed\u00fd si pozn\u00e1 ten sv\u016fj. Fotografie tro\u0161ku zkresluje, hrne\u010dek je sp\u00ed\u0161e<\/p>\n","protected":false},"featured_media":8280,"template":"","meta":[],"product_brand":[153],"product_cat":[91],"product_tag":[],"class_list":{"0":"post-8279","1":"product","2":"type-product","3":"status-publish","4":"has-post-thumbnail","6":"product_brand-eterle-cz","7":"product_cat-prodane","9":"first","10":"outofstock","11":"purchasable","12":"product-type-simple"},"_links":{"self":[{"href":"https:\/\/eterle.cz\/eshop\/wp-json\/wp\/v2\/product\/8279","targetHints":{"allow":["GET"]}}],"collection":[{"href":"https:\/\/eterle.cz\/eshop\/wp-json\/wp\/v2\/product"}],"about":[{"href":"https:\/\/eterle.cz\/eshop\/wp-json\/wp\/v2\/types\/product"}],"version-history":[{"count":0,"href":"https:\/\/eterle.cz\/eshop\/wp-json\/wp\/v2\/product\/8279\/revisions"}],"wp:featuredmedia":[{"embeddable":true,"href":"https:\/\/eterle.cz\/eshop\/wp-json\/wp\/v2\/media\/8280"}],"wp:attachment":[{"href":"https:\/\/eterle.cz\/eshop\/wp-json\/wp\/v2\/media?parent=8279"}],"wp:term":[{"taxonomy":"product_brand","embeddable":true,"href":"https:\/\/eterle.cz\/eshop\/wp-json\/wp\/v2\/product_brand?post=8279"},{"taxonomy":"product_cat","embeddable":true,"href":"https:\/\/eterle.cz\/eshop\/wp-json\/wp\/v2\/product_cat?post=8279"},{"taxonomy":"product_tag","embeddable":true,"href":"https:\/\/eterle.cz\/eshop\/wp-json\/wp\/v2\/product_tag?post=8279"}],"curies":[{"name":"wp","href":"https:\/\/api.w.org\/{rel}","templated":true}]}}