{"id":8284,"date":"2021-12-10T10:39:37","date_gmt":"2021-12-10T09:39:37","guid":{"rendered":"https:\/\/eterle.cz\/eshop\/produkt\/sest-salku-s-podsalkem-jsk\/"},"modified":"2025-02-16T03:03:24","modified_gmt":"2025-02-16T02:03:24","slug":"sest-salku-s-podsalkem-jsk","status":"publish","type":"product","link":"https:\/\/eterle.cz\/eshop\/produkt\/sest-salku-s-podsalkem-jsk\/","title":{"rendered":"\u0160est \u0161\u00e1lk\u016f s pod\u0161\u00e1lkem \/ JSK"},"content":{"rendered":"<p>\u0160est \u0161\u00e1lk\u016f s pod\u0161\u00e1lky v nyn\u00ed tolik \u017e\u00e1dan\u00e9m bruselsk\u00e9m stylu odvozen\u00e9m od fascinuj\u00edc\u00ed sv\u011btov\u00e9 v\u00fdstavy Expo 58 v Bruselu, na n\u00ed\u017e \u010deskoslovensk\u00e1 expozice zaz\u00e1\u0159ila. Lze jej ozna\u010dit jako m\u011bkk\u00fd modernismus, v n\u011bm\u017e se v\u00fdrazn\u011b uplat\u0148uje v\u00fdtvarno.Tyto \u0161\u00e1lky (mintov\u00e1, fialov\u00e1, fialkovo-r\u016f\u017eov\u00e1, vanilkov\u00e1, zelankav\u00e1, sv\u011btlince \u0161ed\u00e1) reprezentuj\u00ed pro bruselsk\u00fd styl tipick\u00e9 pastelov\u00e9 barvy.<\/p>\n<p>Stav: perfektn\u00ed<br \/>\nZna\u010dka: JSK Czechoslovakia<br \/>\nRozm\u011br<br \/>\nObjem: 180 ml<br \/>\nPr\u016fm\u011br pod\u0161\u00e1lku: 13,5 cm<\/p>\n","protected":false},"excerpt":{"rendered":"<p>\u0160est \u0161\u00e1lk\u016f s pod\u0161\u00e1lky v nyn\u00ed tolik \u017e\u00e1dan\u00e9m bruselsk\u00e9m stylu odvozen\u00e9m od fascinuj\u00edc\u00ed sv\u011btov\u00e9 v\u00fdstavy Expo 58 v Bruselu, na<\/p>\n","protected":false},"featured_media":8285,"template":"","meta":[],"product_brand":[153],"product_cat":[91],"product_tag":[],"class_list":{"0":"post-8284","1":"product","2":"type-product","3":"status-publish","4":"has-post-thumbnail","6":"product_brand-eterle-cz","7":"product_cat-prodane","9":"first","10":"outofstock","11":"purchasable","12":"product-type-simple"},"_links":{"self":[{"href":"https:\/\/eterle.cz\/eshop\/wp-json\/wp\/v2\/product\/8284","targetHints":{"allow":["GET"]}}],"collection":[{"href":"https:\/\/eterle.cz\/eshop\/wp-json\/wp\/v2\/product"}],"about":[{"href":"https:\/\/eterle.cz\/eshop\/wp-json\/wp\/v2\/types\/product"}],"version-history":[{"count":1,"href":"https:\/\/eterle.cz\/eshop\/wp-json\/wp\/v2\/product\/8284\/revisions"}],"predecessor-version":[{"id":15925,"href":"https:\/\/eterle.cz\/eshop\/wp-json\/wp\/v2\/product\/8284\/revisions\/15925"}],"wp:featuredmedia":[{"embeddable":true,"href":"https:\/\/eterle.cz\/eshop\/wp-json\/wp\/v2\/media\/8285"}],"wp:attachment":[{"href":"https:\/\/eterle.cz\/eshop\/wp-json\/wp\/v2\/media?parent=8284"}],"wp:term":[{"taxonomy":"product_brand","embeddable":true,"href":"https:\/\/eterle.cz\/eshop\/wp-json\/wp\/v2\/product_brand?post=8284"},{"taxonomy":"product_cat","embeddable":true,"href":"https:\/\/eterle.cz\/eshop\/wp-json\/wp\/v2\/product_cat?post=8284"},{"taxonomy":"product_tag","embeddable":true,"href":"https:\/\/eterle.cz\/eshop\/wp-json\/wp\/v2\/product_tag?post=8284"}],"curies":[{"name":"wp","href":"https:\/\/api.w.org\/{rel}","templated":true}]}}