{"id":8303,"date":"2021-12-10T10:40:11","date_gmt":"2021-12-10T09:40:11","guid":{"rendered":"https:\/\/eterle.cz\/eshop\/produkt\/misa-modra\/"},"modified":"2025-02-16T03:03:23","modified_gmt":"2025-02-16T02:03:23","slug":"misa-modra","status":"publish","type":"product","link":"https:\/\/eterle.cz\/eshop\/produkt\/misa-modra\/","title":{"rendered":"M\u00edsa modr\u00e1"},"content":{"rendered":"<p>N\u00e1dhern\u00e1 modern\u00ed m\u00edsa ze zru\u0161en\u00e9 skl\u00e1rny v severn\u00edch \u010cech\u00e1ch. Jednoduch\u00fd minimalistick\u00fd tvar je zcela nad\u010dasov\u00fd. Modr\u00e1 barva p\u016fsob\u00ed sv\u011b\u017ee a bude slu\u0161et jak\u00e9mukoliv ovoci.<\/p>\n<p>Stav: perfektn\u00ed<br \/>\nRozm\u011br<br \/>\nPr\u016fm\u011br: 23 cm<br \/>\nV\u00fd\u0161ka: 8,3 cm<\/p>\n","protected":false},"excerpt":{"rendered":"<p>N\u00e1dhern\u00e1 modern\u00ed m\u00edsa ze zru\u0161en\u00e9 skl\u00e1rny v severn\u00edch \u010cech\u00e1ch. Jednoduch\u00fd minimalistick\u00fd tvar je zcela nad\u010dasov\u00fd. Modr\u00e1 barva p\u016fsob\u00ed sv\u011b\u017ee a<\/p>\n","protected":false},"featured_media":8304,"template":"","meta":[],"product_brand":[153],"product_cat":[91],"product_tag":[],"class_list":{"0":"post-8303","1":"product","2":"type-product","3":"status-publish","4":"has-post-thumbnail","6":"product_brand-eterle-cz","7":"product_cat-prodane","9":"first","10":"outofstock","11":"purchasable","12":"product-type-simple"},"_links":{"self":[{"href":"https:\/\/eterle.cz\/eshop\/wp-json\/wp\/v2\/product\/8303","targetHints":{"allow":["GET"]}}],"collection":[{"href":"https:\/\/eterle.cz\/eshop\/wp-json\/wp\/v2\/product"}],"about":[{"href":"https:\/\/eterle.cz\/eshop\/wp-json\/wp\/v2\/types\/product"}],"version-history":[{"count":0,"href":"https:\/\/eterle.cz\/eshop\/wp-json\/wp\/v2\/product\/8303\/revisions"}],"wp:featuredmedia":[{"embeddable":true,"href":"https:\/\/eterle.cz\/eshop\/wp-json\/wp\/v2\/media\/8304"}],"wp:attachment":[{"href":"https:\/\/eterle.cz\/eshop\/wp-json\/wp\/v2\/media?parent=8303"}],"wp:term":[{"taxonomy":"product_brand","embeddable":true,"href":"https:\/\/eterle.cz\/eshop\/wp-json\/wp\/v2\/product_brand?post=8303"},{"taxonomy":"product_cat","embeddable":true,"href":"https:\/\/eterle.cz\/eshop\/wp-json\/wp\/v2\/product_cat?post=8303"},{"taxonomy":"product_tag","embeddable":true,"href":"https:\/\/eterle.cz\/eshop\/wp-json\/wp\/v2\/product_tag?post=8303"}],"curies":[{"name":"wp","href":"https:\/\/api.w.org\/{rel}","templated":true}]}}