{"id":8387,"date":"2022-03-21T20:16:26","date_gmt":"2022-03-21T19:16:26","guid":{"rendered":"https:\/\/eterle.cz\/eshop\/produkt\/retro-stojan-na-vajicka\/"},"modified":"2025-06-24T01:51:47","modified_gmt":"2025-06-23T23:51:47","slug":"retro-stojan-na-vajicka","status":"publish","type":"product","link":"https:\/\/eterle.cz\/eshop\/produkt\/retro-stojan-na-vajicka\/","title":{"rendered":"Retro stojan na vaj\u00ed\u010dka"},"content":{"rendered":"<p>Retro plastov\u00e9 stoj\u00e1nky na vaj\u00ed\u010dka ve tvaru lodi\u010dek poch\u00e1z\u00ed z 60.-70. let minul\u00e9ho stolet\u00ed. K dispozici jsou ve t\u0159ech barevn\u00fdch proveden\u00ed a to b\u00e9\u017eov\u00e1 (1), hn\u011bd\u00e1 (2). Bohu\u017eel \u010derven\u00e1, \u017elut\u00e1, oran\u017eov\u00e1 a hrachov\u00e1 jsou ji\u017e vyprodan\u00e9. U objedn\u00e1vky, pros\u00edm dejte do pozn\u00e1mky o jakou barvu a v jak\u00e9m po\u010dtu m\u00e1te z\u00e1jem.<\/p>\n<p>Stav: dobr\u00fd, jen lehk\u00e9 \u0161kr\u00e1bance<br \/>\nRozm\u011br<br \/>\n\u0160\u00ed\u0159ka: 12 cm<br \/>\nHloubka: 9 cm<\/p>\n","protected":false},"excerpt":{"rendered":"<p>Retro plastov\u00e9 stoj\u00e1nky na vaj\u00ed\u010dka ve tvaru lodi\u010dek poch\u00e1z\u00ed z 60.-70. let minul\u00e9ho stolet\u00ed. K dispozici jsou ve t\u0159ech barevn\u00fdch<\/p>\n","protected":false},"featured_media":8388,"template":"","meta":[],"product_brand":[153],"product_cat":[80,137],"product_tag":[],"class_list":{"0":"post-8387","1":"product","2":"type-product","3":"status-publish","4":"has-post-thumbnail","6":"product_brand-eterle-cz","7":"product_cat-dekorace","8":"product_cat-ostatni-dekorace","10":"first","11":"instock","12":"purchasable","13":"product-type-simple"},"_links":{"self":[{"href":"https:\/\/eterle.cz\/eshop\/wp-json\/wp\/v2\/product\/8387","targetHints":{"allow":["GET"]}}],"collection":[{"href":"https:\/\/eterle.cz\/eshop\/wp-json\/wp\/v2\/product"}],"about":[{"href":"https:\/\/eterle.cz\/eshop\/wp-json\/wp\/v2\/types\/product"}],"version-history":[{"count":2,"href":"https:\/\/eterle.cz\/eshop\/wp-json\/wp\/v2\/product\/8387\/revisions"}],"predecessor-version":[{"id":26093,"href":"https:\/\/eterle.cz\/eshop\/wp-json\/wp\/v2\/product\/8387\/revisions\/26093"}],"wp:featuredmedia":[{"embeddable":true,"href":"https:\/\/eterle.cz\/eshop\/wp-json\/wp\/v2\/media\/8388"}],"wp:attachment":[{"href":"https:\/\/eterle.cz\/eshop\/wp-json\/wp\/v2\/media?parent=8387"}],"wp:term":[{"taxonomy":"product_brand","embeddable":true,"href":"https:\/\/eterle.cz\/eshop\/wp-json\/wp\/v2\/product_brand?post=8387"},{"taxonomy":"product_cat","embeddable":true,"href":"https:\/\/eterle.cz\/eshop\/wp-json\/wp\/v2\/product_cat?post=8387"},{"taxonomy":"product_tag","embeddable":true,"href":"https:\/\/eterle.cz\/eshop\/wp-json\/wp\/v2\/product_tag?post=8387"}],"curies":[{"name":"wp","href":"https:\/\/api.w.org\/{rel}","templated":true}]}}