{"id":8392,"date":"2022-03-21T20:16:34","date_gmt":"2022-03-21T19:16:34","guid":{"rendered":"https:\/\/eterle.cz\/eshop\/produkt\/chromova-zidlec25e25\/"},"modified":"2025-06-24T01:51:47","modified_gmt":"2025-06-23T23:51:47","slug":"chromova-zidlec25e25","status":"publish","type":"product","link":"https:\/\/eterle.cz\/eshop\/produkt\/chromova-zidlec25e25\/","title":{"rendered":"Chromov\u00e1 \u017eidle"},"content":{"rendered":"<p>Minimalstick\u00e1 kancel\u00e1\u0159sk\u00e1 \u017eidle p\u016fsob\u00ed d\u00edky sv\u00e9mu tvaru i kombinaci materi\u00e1lu a barev velmi modern\u011b. Kostra \u017eidle je vyhotovena z chromov\u00fdch trubek, sed\u00e1k a op\u011bradlo jsou nov\u011b o\u010daloun\u011bn\u00e9 \u010dernou k\u016f\u017e\u00ed.<\/p>\n<p>Stav: hezk\u00fd p\u016fvodn\u00ed stav, m\u00edsty lehk\u00e1 patina na chromu<br \/>\nRozm\u011br<br \/>\n\u0160\u00ed\u0159ka sed\u00e1ku: 40 cm<br \/>\nHloubka sed\u00e1ku: 36 cm<br \/>\nV\u00fd\u0161ka sed\u00e1ku: 45 cm<br \/>\nV\u00fd\u0161ka: 80 cm<\/p>\n","protected":false},"excerpt":{"rendered":"<p>Minimalstick\u00e1 kancel\u00e1\u0159sk\u00e1 \u017eidle p\u016fsob\u00ed d\u00edky sv\u00e9mu tvaru i kombinaci materi\u00e1lu a barev velmi modern\u011b. Kostra \u017eidle je vyhotovena z chromov\u00fdch<\/p>\n","protected":false},"featured_media":8393,"template":"","meta":[],"product_brand":[153],"product_cat":[130,121],"product_tag":[],"class_list":{"0":"post-8392","1":"product","2":"type-product","3":"status-publish","4":"has-post-thumbnail","6":"product_brand-eterle-cz","7":"product_cat-nabytek","8":"product_cat-zidle","9":"product_shipping_class-nadrozmerne","11":"first","12":"instock","13":"purchasable","14":"product-type-simple"},"_links":{"self":[{"href":"https:\/\/eterle.cz\/eshop\/wp-json\/wp\/v2\/product\/8392","targetHints":{"allow":["GET"]}}],"collection":[{"href":"https:\/\/eterle.cz\/eshop\/wp-json\/wp\/v2\/product"}],"about":[{"href":"https:\/\/eterle.cz\/eshop\/wp-json\/wp\/v2\/types\/product"}],"version-history":[{"count":1,"href":"https:\/\/eterle.cz\/eshop\/wp-json\/wp\/v2\/product\/8392\/revisions"}],"predecessor-version":[{"id":26092,"href":"https:\/\/eterle.cz\/eshop\/wp-json\/wp\/v2\/product\/8392\/revisions\/26092"}],"wp:featuredmedia":[{"embeddable":true,"href":"https:\/\/eterle.cz\/eshop\/wp-json\/wp\/v2\/media\/8393"}],"wp:attachment":[{"href":"https:\/\/eterle.cz\/eshop\/wp-json\/wp\/v2\/media?parent=8392"}],"wp:term":[{"taxonomy":"product_brand","embeddable":true,"href":"https:\/\/eterle.cz\/eshop\/wp-json\/wp\/v2\/product_brand?post=8392"},{"taxonomy":"product_cat","embeddable":true,"href":"https:\/\/eterle.cz\/eshop\/wp-json\/wp\/v2\/product_cat?post=8392"},{"taxonomy":"product_tag","embeddable":true,"href":"https:\/\/eterle.cz\/eshop\/wp-json\/wp\/v2\/product_tag?post=8392"}],"curies":[{"name":"wp","href":"https:\/\/api.w.org\/{rel}","templated":true}]}}