{"id":8399,"date":"2022-03-21T20:16:48","date_gmt":"2022-03-21T19:16:48","guid":{"rendered":"https:\/\/eterle.cz\/eshop\/produkt\/moka-souprava-oscar-schlegelmilch\/"},"modified":"2025-02-16T03:03:22","modified_gmt":"2025-02-16T02:03:22","slug":"moka-souprava-oscar-schlegelmilch","status":"publish","type":"product","link":"https:\/\/eterle.cz\/eshop\/produkt\/moka-souprava-oscar-schlegelmilch\/","title":{"rendered":"Moka souprava \/ Oscar Schlegelmilch"},"content":{"rendered":"<p>Porcel\u00e1nov\u00e1 moka souprava z 50. let minul\u00e9ho stolet\u00ed. Tov\u00e1rna Oscar Schlegelmilch byla uvedena do provozu v roce 1892 a soust\u0159edila svou v\u00fdrobu p\u0159edev\u0161\u00edm na v\u00e1zy, moka \u0161\u00e1lky a drobnosti. V roce 1953 byl podnik zn\u00e1rodn\u011bn a o 19 let pozd\u011bji uzav\u0159en. Souprava obsahuje: \u010dajovou konvici, cuk\u0159enku, ml\u00e9kovku a 5 hrne\u010dk\u016f s pod\u0161\u00e1lkem a dezertn\u00edm tal\u00ed\u0159kem.<\/p>\n<p>Stav: v\u00fdborn\u00fd<br \/>\nZna\u010dka: Oscar Schlegelmilch<br \/>\nRozm\u011br<br \/>\nObjem konvice: 1,350 l<br \/>\nObjem hrne\u010dku: 200 ml<br \/>\nObjem ml\u00e9kovky: 250 ml<br \/>\nObjem cuk\u0159enky: 300 ml<br \/>\nPr\u016fm\u011br pod\u0161\u00e1lku: 15 cm<br \/>\nPr\u016fm\u011br tal\u00ed\u0159ku: 19 cm<\/p>\n","protected":false},"excerpt":{"rendered":"<p>Porcel\u00e1nov\u00e1 moka souprava z 50. let minul\u00e9ho stolet\u00ed. Tov\u00e1rna Oscar Schlegelmilch byla uvedena do provozu v roce 1892 a soust\u0159edila<\/p>\n","protected":false},"featured_media":8400,"template":"","meta":[],"product_brand":[153],"product_cat":[91],"product_tag":[],"class_list":{"0":"post-8399","1":"product","2":"type-product","3":"status-publish","4":"has-post-thumbnail","6":"product_brand-eterle-cz","7":"product_cat-prodane","9":"first","10":"outofstock","11":"purchasable","12":"product-type-simple"},"_links":{"self":[{"href":"https:\/\/eterle.cz\/eshop\/wp-json\/wp\/v2\/product\/8399","targetHints":{"allow":["GET"]}}],"collection":[{"href":"https:\/\/eterle.cz\/eshop\/wp-json\/wp\/v2\/product"}],"about":[{"href":"https:\/\/eterle.cz\/eshop\/wp-json\/wp\/v2\/types\/product"}],"version-history":[{"count":0,"href":"https:\/\/eterle.cz\/eshop\/wp-json\/wp\/v2\/product\/8399\/revisions"}],"wp:featuredmedia":[{"embeddable":true,"href":"https:\/\/eterle.cz\/eshop\/wp-json\/wp\/v2\/media\/8400"}],"wp:attachment":[{"href":"https:\/\/eterle.cz\/eshop\/wp-json\/wp\/v2\/media?parent=8399"}],"wp:term":[{"taxonomy":"product_brand","embeddable":true,"href":"https:\/\/eterle.cz\/eshop\/wp-json\/wp\/v2\/product_brand?post=8399"},{"taxonomy":"product_cat","embeddable":true,"href":"https:\/\/eterle.cz\/eshop\/wp-json\/wp\/v2\/product_cat?post=8399"},{"taxonomy":"product_tag","embeddable":true,"href":"https:\/\/eterle.cz\/eshop\/wp-json\/wp\/v2\/product_tag?post=8399"}],"curies":[{"name":"wp","href":"https:\/\/api.w.org\/{rel}","templated":true}]}}