{"id":8404,"date":"2022-03-21T20:16:56","date_gmt":"2022-03-21T19:16:56","guid":{"rendered":"https:\/\/eterle.cz\/eshop\/produkt\/cajova-souprava-konigl-pr-tettau\/"},"modified":"2025-02-16T03:03:22","modified_gmt":"2025-02-16T02:03:22","slug":"cajova-souprava-konigl-pr-tettau","status":"publish","type":"product","link":"https:\/\/eterle.cz\/eshop\/produkt\/cajova-souprava-konigl-pr-tettau\/","title":{"rendered":"\u010cajov\u00e1 souprava \/ K\u00f6nigl pr.Tettau"},"content":{"rendered":"<p>Kr\u00e1sn\u00e1 souprava \u010dajov\u00fdch hrnk\u016f zna\u010dky K\u00f6nigl pr. Tettau, jej\u00ed\u017e porcel\u00e1n je pova\u017eov\u00e1n za v\u00fdjime\u010dn\u00fd. Od za\u010d\u00e1tku 19. stolet\u00ed je pokl\u00e1d\u00e1n za sou\u010d\u00e1st slavnostn\u00edho stolov\u00e1n\u00ed s nejvy\u0161\u0161\u00ed kvalitou. Tato sada se py\u0161n\u00ed v\u0161\u00edm, co Tettau p\u0159edstavuje \u2013 \u00fa\u017easn\u00fdmi detaily, dokonal\u00fdm povrchem a nep\u0159ekonatelnou pr\u016fzra\u010dnost\u00ed. Kr\u00e1sn\u00fd jemn\u00fd dekor v \u0161ed\u00e9 barv\u011b je dopln\u011bn tenkou zlatou linkou, kter\u00e1 je\u0161t\u011b umoc\u0148uje celkov\u00e9 elegantn\u00ed vyzn\u011bn\u00ed. Sada obsahuje: cuk\u0159enku, ml\u00e9kovku, \u0161est sn\u00edda\u0148ov\u00fdch set\u016f (hrne\u010dek, pod\u0161\u00e1lek a dezertn\u00ed tal\u00ed\u0159ek).<\/p>\n<p>Stav: v\u00fdborn\u00fd, ani zlat\u00e9 linky nejev\u00ed zn\u00e1mky opot\u0159eben\u00ed<br \/>\nZna\u010dka: K\u00f6nigl pr.Tettau<br \/>\nObjem hrne\u010dku: 200 ml<br \/>\nObjem ml\u00e9kovky: 150 ml<br \/>\nObjem cuk\u0159enky: 150 ml<br \/>\nPr\u016fm\u011br pod\u0161\u00e1lku: 15 cm<br \/>\nPr\u016fm\u011br tal\u00ed\u0159ku: 19,5 cm<\/p>\n","protected":false},"excerpt":{"rendered":"<p>Kr\u00e1sn\u00e1 souprava \u010dajov\u00fdch hrnk\u016f zna\u010dky K\u00f6nigl pr. Tettau, jej\u00ed\u017e porcel\u00e1n je pova\u017eov\u00e1n za v\u00fdjime\u010dn\u00fd. Od za\u010d\u00e1tku 19. stolet\u00ed je pokl\u00e1d\u00e1n<\/p>\n","protected":false},"featured_media":8405,"template":"","meta":[],"product_brand":[153],"product_cat":[91],"product_tag":[],"class_list":{"0":"post-8404","1":"product","2":"type-product","3":"status-publish","4":"has-post-thumbnail","6":"product_brand-eterle-cz","7":"product_cat-prodane","9":"first","10":"outofstock","11":"purchasable","12":"product-type-simple"},"_links":{"self":[{"href":"https:\/\/eterle.cz\/eshop\/wp-json\/wp\/v2\/product\/8404","targetHints":{"allow":["GET"]}}],"collection":[{"href":"https:\/\/eterle.cz\/eshop\/wp-json\/wp\/v2\/product"}],"about":[{"href":"https:\/\/eterle.cz\/eshop\/wp-json\/wp\/v2\/types\/product"}],"version-history":[{"count":0,"href":"https:\/\/eterle.cz\/eshop\/wp-json\/wp\/v2\/product\/8404\/revisions"}],"wp:featuredmedia":[{"embeddable":true,"href":"https:\/\/eterle.cz\/eshop\/wp-json\/wp\/v2\/media\/8405"}],"wp:attachment":[{"href":"https:\/\/eterle.cz\/eshop\/wp-json\/wp\/v2\/media?parent=8404"}],"wp:term":[{"taxonomy":"product_brand","embeddable":true,"href":"https:\/\/eterle.cz\/eshop\/wp-json\/wp\/v2\/product_brand?post=8404"},{"taxonomy":"product_cat","embeddable":true,"href":"https:\/\/eterle.cz\/eshop\/wp-json\/wp\/v2\/product_cat?post=8404"},{"taxonomy":"product_tag","embeddable":true,"href":"https:\/\/eterle.cz\/eshop\/wp-json\/wp\/v2\/product_tag?post=8404"}],"curies":[{"name":"wp","href":"https:\/\/api.w.org\/{rel}","templated":true}]}}