{"id":8429,"date":"2022-03-21T20:17:43","date_gmt":"2022-03-21T19:17:43","guid":{"rendered":"https:\/\/eterle.cz\/eshop\/produkt\/polevkova-misa-heinrich-anmut\/"},"modified":"2025-02-16T03:02:41","modified_gmt":"2025-02-16T02:02:41","slug":"polevkova-misa-heinrich-anmut","status":"publish","type":"product","link":"https:\/\/eterle.cz\/eshop\/produkt\/polevkova-misa-heinrich-anmut\/","title":{"rendered":"Pol\u00e9vkov\u00e1 m\u00edsa \/ Heinrich Anmut"},"content":{"rendered":"<p>Pol\u00e9vkov\u00e9 m\u00edsy jsou asi sp\u00ed\u0161e v\u00e1no\u010dn\u00ed z\u00e1le\u017eitost, ale tahle je vylo\u017een\u011b jarn\u00ed\/letn\u00ed. A pro\u010d si neud\u011blat sv\u00e1te\u010dn\u00ed tabuli i v pr\u016fb\u011bhu roku, \u017ee? Pokud t\u0159eba na velikono\u010dn\u00ed sv\u00e1tky \u010dek\u00e1te velkou rodinnou se\u0161lost, bude se v\u00e1m tato terina hodit, proto\u017ee pojme p\u0159es 2l pol\u00e9vky.<\/p>\n<p>Stav: perfektn\u00ed<br \/>\nZna\u010dka: Heinrich Anmut<br \/>\nRozm\u011br<br \/>\nObjem: 2,3 l<br \/>\n\u0160\u00ed\u0159ka: 26 cm<br \/>\nV\u00fd\u0161ka: 13 cm<\/p>\n","protected":false},"excerpt":{"rendered":"<p>Pol\u00e9vkov\u00e9 m\u00edsy jsou asi sp\u00ed\u0161e v\u00e1no\u010dn\u00ed z\u00e1le\u017eitost, ale tahle je vylo\u017een\u011b jarn\u00ed\/letn\u00ed. A pro\u010d si neud\u011blat sv\u00e1te\u010dn\u00ed tabuli i v<\/p>\n","protected":false},"featured_media":8430,"template":"","meta":[],"product_brand":[153],"product_cat":[91],"product_tag":[],"class_list":{"0":"post-8429","1":"product","2":"type-product","3":"status-publish","4":"has-post-thumbnail","6":"product_brand-eterle-cz","7":"product_cat-prodane","9":"first","10":"outofstock","11":"purchasable","12":"product-type-simple"},"_links":{"self":[{"href":"https:\/\/eterle.cz\/eshop\/wp-json\/wp\/v2\/product\/8429","targetHints":{"allow":["GET"]}}],"collection":[{"href":"https:\/\/eterle.cz\/eshop\/wp-json\/wp\/v2\/product"}],"about":[{"href":"https:\/\/eterle.cz\/eshop\/wp-json\/wp\/v2\/types\/product"}],"version-history":[{"count":0,"href":"https:\/\/eterle.cz\/eshop\/wp-json\/wp\/v2\/product\/8429\/revisions"}],"wp:featuredmedia":[{"embeddable":true,"href":"https:\/\/eterle.cz\/eshop\/wp-json\/wp\/v2\/media\/8430"}],"wp:attachment":[{"href":"https:\/\/eterle.cz\/eshop\/wp-json\/wp\/v2\/media?parent=8429"}],"wp:term":[{"taxonomy":"product_brand","embeddable":true,"href":"https:\/\/eterle.cz\/eshop\/wp-json\/wp\/v2\/product_brand?post=8429"},{"taxonomy":"product_cat","embeddable":true,"href":"https:\/\/eterle.cz\/eshop\/wp-json\/wp\/v2\/product_cat?post=8429"},{"taxonomy":"product_tag","embeddable":true,"href":"https:\/\/eterle.cz\/eshop\/wp-json\/wp\/v2\/product_tag?post=8429"}],"curies":[{"name":"wp","href":"https:\/\/api.w.org\/{rel}","templated":true}]}}