{"id":8449,"date":"2022-03-21T20:18:20","date_gmt":"2022-03-21T19:18:20","guid":{"rendered":"https:\/\/eterle.cz\/eshop\/produkt\/stojanek-na-vajicka-s-vlnkou-thun\/"},"modified":"2025-12-18T16:01:29","modified_gmt":"2025-12-18T15:01:29","slug":"stojanek-na-vajicka-s-vlnkou-thun","status":"publish","type":"product","link":"https:\/\/eterle.cz\/eshop\/produkt\/stojanek-na-vajicka-s-vlnkou-thun\/","title":{"rendered":"Stoj\u00e1nek na vaj\u00ed\u010dka s vlnkou \/ Thun"},"content":{"rendered":"<p>V\u00edte, jak\u00fd je rozd\u00edl mezi vaj\u00ed\u010dkem na hnili\u010dko a na m\u011bkko? V dob\u011b va\u0159en\u00ed a tuhosti \u017eloutku. Vejci na m\u011bkko m\u00e1 b\u00edlek tuh\u00fd a \u017eloutek tekut\u00fd, doba va\u0159en\u00ed 2,5 min.. Vejce na hnili\u010dku, kde je b\u00edlek tuh\u00fd a \u017eloutek t\u00e1hl\u00fd, se va\u0159\u00ed 4-4,5 min.. Stoj\u00e1nek v\u0161ak m\u016f\u017eete pou\u017e\u00edt v\u017edy stejn\u00fd.<\/p>\n<p>Stav: perfektn\u00ed<br \/>\nZna\u010dka: Thun (nezna\u010den\u00fd)<br \/>\nRozm\u011br<br \/>\nPr\u016fm\u011br: 12 cm<\/p>\n","protected":false},"excerpt":{"rendered":"<p>V\u00edte, jak\u00fd je rozd\u00edl mezi vaj\u00ed\u010dkem na hnili\u010dko a na m\u011bkko? V dob\u011b va\u0159en\u00ed a tuhosti \u017eloutku. Vejci na m\u011bkko<\/p>\n","protected":false},"featured_media":8450,"template":"","meta":[],"product_brand":[153],"product_cat":[76,113],"product_tag":[],"class_list":{"0":"post-8449","1":"product","2":"type-product","3":"status-publish","4":"has-post-thumbnail","6":"product_brand-eterle-cz","7":"product_cat-porcelan","8":"product_cat-ostatni","10":"first","11":"instock","12":"purchasable","13":"product-type-simple"},"_links":{"self":[{"href":"https:\/\/eterle.cz\/eshop\/wp-json\/wp\/v2\/product\/8449","targetHints":{"allow":["GET"]}}],"collection":[{"href":"https:\/\/eterle.cz\/eshop\/wp-json\/wp\/v2\/product"}],"about":[{"href":"https:\/\/eterle.cz\/eshop\/wp-json\/wp\/v2\/types\/product"}],"version-history":[{"count":2,"href":"https:\/\/eterle.cz\/eshop\/wp-json\/wp\/v2\/product\/8449\/revisions"}],"predecessor-version":[{"id":26089,"href":"https:\/\/eterle.cz\/eshop\/wp-json\/wp\/v2\/product\/8449\/revisions\/26089"}],"wp:featuredmedia":[{"embeddable":true,"href":"https:\/\/eterle.cz\/eshop\/wp-json\/wp\/v2\/media\/8450"}],"wp:attachment":[{"href":"https:\/\/eterle.cz\/eshop\/wp-json\/wp\/v2\/media?parent=8449"}],"wp:term":[{"taxonomy":"product_brand","embeddable":true,"href":"https:\/\/eterle.cz\/eshop\/wp-json\/wp\/v2\/product_brand?post=8449"},{"taxonomy":"product_cat","embeddable":true,"href":"https:\/\/eterle.cz\/eshop\/wp-json\/wp\/v2\/product_cat?post=8449"},{"taxonomy":"product_tag","embeddable":true,"href":"https:\/\/eterle.cz\/eshop\/wp-json\/wp\/v2\/product_tag?post=8449"}],"curies":[{"name":"wp","href":"https:\/\/api.w.org\/{rel}","templated":true}]}}