{"id":8453,"date":"2022-03-21T20:18:28","date_gmt":"2022-03-21T19:18:28","guid":{"rendered":"https:\/\/eterle.cz\/eshop\/produkt\/sklenena-miska-list\/"},"modified":"2025-02-16T03:02:40","modified_gmt":"2025-02-16T02:02:40","slug":"sklenena-miska-list","status":"publish","type":"product","link":"https:\/\/eterle.cz\/eshop\/produkt\/sklenena-miska-list\/","title":{"rendered":"Sklen\u011bn\u00e1 miska list"},"content":{"rendered":"<p>Sklen\u011bn\u00e1 miska z lisovan\u00e9ho skla se vzorem listu. Pravd\u011bpodobn\u011b vych\u00e1zej\u00edc\u00ed ze souboru P\u0159\u00edroda navr\u017een\u00e9ho Ivo Rozsypalem v 70. letech.<\/p>\n<p>Stav: perfektn\u00ed<br \/>\nRozm\u011br<br \/>\nPr\u016fm\u011br: 17,5 cm<br \/>\nV\u00fd\u0161ka: 7 cm<\/p>\n","protected":false},"excerpt":{"rendered":"<p>Sklen\u011bn\u00e1 miska z lisovan\u00e9ho skla se vzorem listu. Pravd\u011bpodobn\u011b vych\u00e1zej\u00edc\u00ed ze souboru P\u0159\u00edroda navr\u017een\u00e9ho Ivo Rozsypalem v 70. letech. Stav:<\/p>\n","protected":false},"featured_media":8454,"template":"","meta":[],"product_brand":[153],"product_cat":[91],"product_tag":[],"class_list":{"0":"post-8453","1":"product","2":"type-product","3":"status-publish","4":"has-post-thumbnail","6":"product_brand-eterle-cz","7":"product_cat-prodane","9":"first","10":"outofstock","11":"purchasable","12":"product-type-simple"},"_links":{"self":[{"href":"https:\/\/eterle.cz\/eshop\/wp-json\/wp\/v2\/product\/8453","targetHints":{"allow":["GET"]}}],"collection":[{"href":"https:\/\/eterle.cz\/eshop\/wp-json\/wp\/v2\/product"}],"about":[{"href":"https:\/\/eterle.cz\/eshop\/wp-json\/wp\/v2\/types\/product"}],"version-history":[{"count":0,"href":"https:\/\/eterle.cz\/eshop\/wp-json\/wp\/v2\/product\/8453\/revisions"}],"wp:featuredmedia":[{"embeddable":true,"href":"https:\/\/eterle.cz\/eshop\/wp-json\/wp\/v2\/media\/8454"}],"wp:attachment":[{"href":"https:\/\/eterle.cz\/eshop\/wp-json\/wp\/v2\/media?parent=8453"}],"wp:term":[{"taxonomy":"product_brand","embeddable":true,"href":"https:\/\/eterle.cz\/eshop\/wp-json\/wp\/v2\/product_brand?post=8453"},{"taxonomy":"product_cat","embeddable":true,"href":"https:\/\/eterle.cz\/eshop\/wp-json\/wp\/v2\/product_cat?post=8453"},{"taxonomy":"product_tag","embeddable":true,"href":"https:\/\/eterle.cz\/eshop\/wp-json\/wp\/v2\/product_tag?post=8453"}],"curies":[{"name":"wp","href":"https:\/\/api.w.org\/{rel}","templated":true}]}}