{"id":8456,"date":"2022-03-21T20:18:32","date_gmt":"2022-03-21T19:18:32","guid":{"rendered":"https:\/\/eterle.cz\/eshop\/produkt\/kristalova-stolni-lampa-jablonecke-sklarny\/"},"modified":"2025-02-16T03:02:39","modified_gmt":"2025-02-16T02:02:39","slug":"kristalova-stolni-lampa-jablonecke-sklarny","status":"publish","type":"product","link":"https:\/\/eterle.cz\/eshop\/produkt\/kristalova-stolni-lampa-jablonecke-sklarny\/","title":{"rendered":"K\u0159i\u0161\u0165\u00e1lov\u00e1 stoln\u00ed lampa \/ Jabloneck\u00e9 skl\u00e1rny"},"content":{"rendered":"<p>Velmi neobvykl\u00e1 lampa p\u0159edev\u0161\u00edm kombinac\u00ed materi\u00e1l\u016f poch\u00e1z\u00ed ze 70. let minul\u00e9ho stolet\u00ed. N\u00e1vrh\u00e1\u0159 zde propojil k\u0159\u0161\u0165\u00e1l, s plastem a mosaz\u00ed. Vyrobena byla v Jabloneck\u00e9 skl\u00e1rn\u011b v Nov\u00e9m Byd\u017eov\u011b. Jde o typ 5021\/2. 250 V<\/p>\n<p>Stav: funk\u010dn\u00ed, elektroinstalace p\u016fvodn\u00ed. Mosaz nese zn\u00e1mky patiny, horn\u00ed plastov\u00fd kryt je uprost\u0159ed praskl\u00fd (viz foto)<br \/>\nZna\u010dka: Jabloneck\u00e9 skl\u00e1rny Nov\u00fd Byd\u017eov, typ 5021\/2<br \/>\nRozm\u011br<br \/>\nPr\u016fm\u011br st\u00ednidla: 35 cm<br \/>\nPr\u016fm\u011br podstavce: 17 cm<br \/>\nV\u00fd\u0161ka: 36 cm<\/p>\n","protected":false},"excerpt":{"rendered":"<p>Velmi neobvykl\u00e1 lampa p\u0159edev\u0161\u00edm kombinac\u00ed materi\u00e1l\u016f poch\u00e1z\u00ed ze 70. let minul\u00e9ho stolet\u00ed. N\u00e1vrh\u00e1\u0159 zde propojil k\u0159\u0161\u0165\u00e1l, s plastem a mosaz\u00ed.<\/p>\n","protected":false},"featured_media":8457,"template":"","meta":[],"product_brand":[153],"product_cat":[91],"product_tag":[],"class_list":{"0":"post-8456","1":"product","2":"type-product","3":"status-publish","4":"has-post-thumbnail","6":"product_brand-eterle-cz","7":"product_cat-prodane","8":"product_shipping_class-nadrozmerne","10":"first","11":"outofstock","12":"purchasable","13":"product-type-simple"},"_links":{"self":[{"href":"https:\/\/eterle.cz\/eshop\/wp-json\/wp\/v2\/product\/8456","targetHints":{"allow":["GET"]}}],"collection":[{"href":"https:\/\/eterle.cz\/eshop\/wp-json\/wp\/v2\/product"}],"about":[{"href":"https:\/\/eterle.cz\/eshop\/wp-json\/wp\/v2\/types\/product"}],"version-history":[{"count":0,"href":"https:\/\/eterle.cz\/eshop\/wp-json\/wp\/v2\/product\/8456\/revisions"}],"wp:featuredmedia":[{"embeddable":true,"href":"https:\/\/eterle.cz\/eshop\/wp-json\/wp\/v2\/media\/8457"}],"wp:attachment":[{"href":"https:\/\/eterle.cz\/eshop\/wp-json\/wp\/v2\/media?parent=8456"}],"wp:term":[{"taxonomy":"product_brand","embeddable":true,"href":"https:\/\/eterle.cz\/eshop\/wp-json\/wp\/v2\/product_brand?post=8456"},{"taxonomy":"product_cat","embeddable":true,"href":"https:\/\/eterle.cz\/eshop\/wp-json\/wp\/v2\/product_cat?post=8456"},{"taxonomy":"product_tag","embeddable":true,"href":"https:\/\/eterle.cz\/eshop\/wp-json\/wp\/v2\/product_tag?post=8456"}],"curies":[{"name":"wp","href":"https:\/\/api.w.org\/{rel}","templated":true}]}}