{"id":8485,"date":"2022-03-21T20:19:31","date_gmt":"2022-03-21T19:19:31","guid":{"rendered":"https:\/\/eterle.cz\/eshop\/produkt\/retro-nastenna-lampa\/"},"modified":"2025-06-24T01:51:46","modified_gmt":"2025-06-23T23:51:46","slug":"retro-nastenna-lampa","status":"publish","type":"product","link":"https:\/\/eterle.cz\/eshop\/produkt\/retro-nastenna-lampa\/","title":{"rendered":"Retro n\u00e1st\u011bnn\u00e1 lampa"},"content":{"rendered":"<p>Retro kovov\u00e1 n\u00e1st\u011bnn\u00e1 lampa v kr\u00e1sn\u00e9 \u010dokol\u00e1dov\u00e9 barv\u011b m\u00e1 novou elektronstalaci. D\u00edky postran\u00edm matk\u00e1m je variabiln\u00ed a lze ji p\u0159id\u011blat na st\u011bnu a n\u00e1sledn\u011b zvolit pot\u0159ebn\u00fd sklon sv\u011btla. 60 W<\/p>\n<p>Stav: funk\u010dn\u00ed, nov\u00e1 elektroinstalace. Kr\u00e1sn\u00fd p\u016fvodn\u00ed stav<br \/>\nRozm\u011br<br \/>\nPr\u016fm\u011br sv\u00edtidla: 12,5 cm<br \/>\nHloubka: 16 cm<\/p>\n","protected":false},"excerpt":{"rendered":"<p>Retro kovov\u00e1 n\u00e1st\u011bnn\u00e1 lampa v kr\u00e1sn\u00e9 \u010dokol\u00e1dov\u00e9 barv\u011b m\u00e1 novou elektronstalaci. D\u00edky postran\u00edm matk\u00e1m je variabiln\u00ed a lze ji p\u0159id\u011blat<\/p>\n","protected":false},"featured_media":8486,"template":"","meta":[],"product_brand":[153],"product_cat":[79,141],"product_tag":[],"class_list":{"0":"post-8485","1":"product","2":"type-product","3":"status-publish","4":"has-post-thumbnail","6":"product_brand-eterle-cz","7":"product_cat-svetla","8":"product_cat-stolni-lampy","10":"first","11":"instock","12":"purchasable","13":"product-type-simple"},"_links":{"self":[{"href":"https:\/\/eterle.cz\/eshop\/wp-json\/wp\/v2\/product\/8485","targetHints":{"allow":["GET"]}}],"collection":[{"href":"https:\/\/eterle.cz\/eshop\/wp-json\/wp\/v2\/product"}],"about":[{"href":"https:\/\/eterle.cz\/eshop\/wp-json\/wp\/v2\/types\/product"}],"version-history":[{"count":1,"href":"https:\/\/eterle.cz\/eshop\/wp-json\/wp\/v2\/product\/8485\/revisions"}],"predecessor-version":[{"id":26087,"href":"https:\/\/eterle.cz\/eshop\/wp-json\/wp\/v2\/product\/8485\/revisions\/26087"}],"wp:featuredmedia":[{"embeddable":true,"href":"https:\/\/eterle.cz\/eshop\/wp-json\/wp\/v2\/media\/8486"}],"wp:attachment":[{"href":"https:\/\/eterle.cz\/eshop\/wp-json\/wp\/v2\/media?parent=8485"}],"wp:term":[{"taxonomy":"product_brand","embeddable":true,"href":"https:\/\/eterle.cz\/eshop\/wp-json\/wp\/v2\/product_brand?post=8485"},{"taxonomy":"product_cat","embeddable":true,"href":"https:\/\/eterle.cz\/eshop\/wp-json\/wp\/v2\/product_cat?post=8485"},{"taxonomy":"product_tag","embeddable":true,"href":"https:\/\/eterle.cz\/eshop\/wp-json\/wp\/v2\/product_tag?post=8485"}],"curies":[{"name":"wp","href":"https:\/\/api.w.org\/{rel}","templated":true}]}}