{"id":8508,"date":"2022-03-21T20:20:15","date_gmt":"2022-03-21T19:20:15","guid":{"rendered":"https:\/\/eterle.cz\/eshop\/produkt\/lita-vaza-josef-hospodka\/"},"modified":"2025-02-16T03:02:37","modified_gmt":"2025-02-16T02:02:37","slug":"lita-vaza-josef-hospodka","status":"publish","type":"product","link":"https:\/\/eterle.cz\/eshop\/produkt\/lita-vaza-josef-hospodka\/","title":{"rendered":"Lit\u00e1 v\u00e1za \/ Josef Hospodka"},"content":{"rendered":"<p>V\u00e1za z hutn\u00edho skla v kr\u00e1sn\u00e9 zeleno-r\u016f\u017eov\u00e9 barevn\u00e9 kombinaci byla navr\u017een\u00e1 Josefem Hospodkou pro skl\u00e1rnu Ch\u0159ibsk\u00e1, kter\u00e1 m\u00e1 dlouhou tradici a v\u00fdznamn\u011b se pod\u00edlela na rozvoji \u010desk\u00e9ho skla. Tzv. hutnick\u00e9ho sklo, je tvarov\u00e1no pomoc\u00ed n\u00e1\u010din\u00ed ru\u010dn\u011b, a krom\u011b dna se nebrous\u00ed ani neupravuje.<\/p>\n<p>Stav: v\u00fdborn\u00fd, jen nepatrn\u00e9 \u0161kr\u00e1bance na dn\u011b<br \/>\nZna\u010dka: Josef Hospodka<br \/>\nRozm\u011br<br \/>\nHorn\u00ed pr\u016fm\u011br:  10 cm<br \/>\nDoln\u00ed pr\u016fm\u011br: 6 cm<br \/>\nV\u00fd\u0161ka:  20,5 cm<\/p>\n","protected":false},"excerpt":{"rendered":"<p>V\u00e1za z hutn\u00edho skla v kr\u00e1sn\u00e9 zeleno-r\u016f\u017eov\u00e9 barevn\u00e9 kombinaci byla navr\u017een\u00e1 Josefem Hospodkou pro skl\u00e1rnu Ch\u0159ibsk\u00e1, kter\u00e1 m\u00e1 dlouhou tradici<\/p>\n","protected":false},"featured_media":8509,"template":"","meta":[],"product_brand":[153],"product_cat":[91],"product_tag":[],"class_list":{"0":"post-8508","1":"product","2":"type-product","3":"status-publish","4":"has-post-thumbnail","6":"product_brand-eterle-cz","7":"product_cat-prodane","9":"first","10":"outofstock","11":"purchasable","12":"product-type-simple"},"_links":{"self":[{"href":"https:\/\/eterle.cz\/eshop\/wp-json\/wp\/v2\/product\/8508","targetHints":{"allow":["GET"]}}],"collection":[{"href":"https:\/\/eterle.cz\/eshop\/wp-json\/wp\/v2\/product"}],"about":[{"href":"https:\/\/eterle.cz\/eshop\/wp-json\/wp\/v2\/types\/product"}],"version-history":[{"count":0,"href":"https:\/\/eterle.cz\/eshop\/wp-json\/wp\/v2\/product\/8508\/revisions"}],"wp:featuredmedia":[{"embeddable":true,"href":"https:\/\/eterle.cz\/eshop\/wp-json\/wp\/v2\/media\/8509"}],"wp:attachment":[{"href":"https:\/\/eterle.cz\/eshop\/wp-json\/wp\/v2\/media?parent=8508"}],"wp:term":[{"taxonomy":"product_brand","embeddable":true,"href":"https:\/\/eterle.cz\/eshop\/wp-json\/wp\/v2\/product_brand?post=8508"},{"taxonomy":"product_cat","embeddable":true,"href":"https:\/\/eterle.cz\/eshop\/wp-json\/wp\/v2\/product_cat?post=8508"},{"taxonomy":"product_tag","embeddable":true,"href":"https:\/\/eterle.cz\/eshop\/wp-json\/wp\/v2\/product_tag?post=8508"}],"curies":[{"name":"wp","href":"https:\/\/api.w.org\/{rel}","templated":true}]}}