{"id":8513,"date":"2022-03-21T20:20:25","date_gmt":"2022-03-21T19:20:25","guid":{"rendered":"https:\/\/eterle.cz\/eshop\/produkt\/cerna-sklenena-vaza\/"},"modified":"2025-02-16T03:02:36","modified_gmt":"2025-02-16T02:02:36","slug":"cerna-sklenena-vaza","status":"publish","type":"product","link":"https:\/\/eterle.cz\/eshop\/produkt\/cerna-sklenena-vaza\/","title":{"rendered":"\u010cern\u00e1 sklen\u011bn\u00e1 v\u00e1za"},"content":{"rendered":"<p>Atypick\u00e1 sken\u011bn\u00e1 v\u00e1za jak tvarem tak barevnost\u00ed. Nejsme schopni u ni ur\u010dit p\u016fvod, mohla by b\u00fdt z 30. let stejn\u011b tak jako ze sou\u010dasnoti.<\/p>\n<p>Stav: dobr\u00fd<br \/>\nRozm\u011br<br \/>\nHorn\u00ed pr\u016fm\u011br: 6 cm<br \/>\nDoln\u00ed pr\u016fm\u011br: 6 cm<br \/>\nV\u00fd\u0161ka: 24 cm<\/p>\n","protected":false},"excerpt":{"rendered":"<p>Atypick\u00e1 sken\u011bn\u00e1 v\u00e1za jak tvarem tak barevnost\u00ed. Nejsme schopni u ni ur\u010dit p\u016fvod, mohla by b\u00fdt z 30. let stejn\u011b<\/p>\n","protected":false},"featured_media":8514,"template":"","meta":[],"product_brand":[153],"product_cat":[91],"product_tag":[],"class_list":{"0":"post-8513","1":"product","2":"type-product","3":"status-publish","4":"has-post-thumbnail","6":"product_brand-eterle-cz","7":"product_cat-prodane","9":"first","10":"outofstock","11":"purchasable","12":"product-type-simple"},"_links":{"self":[{"href":"https:\/\/eterle.cz\/eshop\/wp-json\/wp\/v2\/product\/8513","targetHints":{"allow":["GET"]}}],"collection":[{"href":"https:\/\/eterle.cz\/eshop\/wp-json\/wp\/v2\/product"}],"about":[{"href":"https:\/\/eterle.cz\/eshop\/wp-json\/wp\/v2\/types\/product"}],"version-history":[{"count":0,"href":"https:\/\/eterle.cz\/eshop\/wp-json\/wp\/v2\/product\/8513\/revisions"}],"wp:featuredmedia":[{"embeddable":true,"href":"https:\/\/eterle.cz\/eshop\/wp-json\/wp\/v2\/media\/8514"}],"wp:attachment":[{"href":"https:\/\/eterle.cz\/eshop\/wp-json\/wp\/v2\/media?parent=8513"}],"wp:term":[{"taxonomy":"product_brand","embeddable":true,"href":"https:\/\/eterle.cz\/eshop\/wp-json\/wp\/v2\/product_brand?post=8513"},{"taxonomy":"product_cat","embeddable":true,"href":"https:\/\/eterle.cz\/eshop\/wp-json\/wp\/v2\/product_cat?post=8513"},{"taxonomy":"product_tag","embeddable":true,"href":"https:\/\/eterle.cz\/eshop\/wp-json\/wp\/v2\/product_tag?post=8513"}],"curies":[{"name":"wp","href":"https:\/\/api.w.org\/{rel}","templated":true}]}}