{"id":8521,"date":"2022-03-21T20:20:40","date_gmt":"2022-03-21T19:20:40","guid":{"rendered":"https:\/\/eterle.cz\/eshop\/produkt\/porcelanova-vaza-hutschenreuther-2\/"},"modified":"2025-02-16T03:02:36","modified_gmt":"2025-02-16T02:02:36","slug":"porcelanova-vaza-hutschenreuther-2","status":"publish","type":"product","link":"https:\/\/eterle.cz\/eshop\/produkt\/porcelanova-vaza-hutschenreuther-2\/","title":{"rendered":"Porcel\u00e1nov\u00e1 v\u00e1za \/ Hutschenreuther"},"content":{"rendered":"<p>Men\u0161\u00ed porcel\u00e1nov\u00e1 v\u00e1za zna\u010dky Hutschenreuther, kter\u00e1 byla zalo\u017eena v roce 1814 a nyn\u00ed je sou\u010d\u00e1st\u00ed Rosenthalu, je zaj\u00edmav\u00e1 sv\u00fdm plastick\u00fdm zdoben\u00edm. L\u00edb\u00ed se n\u00e1m filozofie t\u00e9to zna\u010dky, kter\u00e1 ozna\u010duje jej\u00ed porcel\u00e1n jako &#8222;p\u0159\u00edmo\u010dar\u00fd a nekomplikovan\u00fd, vhodn\u00fd pro ka\u017ed\u00fd den a pro radost&#8220;.<\/p>\n<p>Stav: perfektn\u00ed<br \/>\nZna\u010dka: Hutschenreuther<br \/>\nRozm\u011br<br \/>\nPr\u016fm\u011br: 8 cm<br \/>\nV\u00fd\u0161ka: 14 cm<\/p>\n","protected":false},"excerpt":{"rendered":"<p>Men\u0161\u00ed porcel\u00e1nov\u00e1 v\u00e1za zna\u010dky Hutschenreuther, kter\u00e1 byla zalo\u017eena v roce 1814 a nyn\u00ed je sou\u010d\u00e1st\u00ed Rosenthalu, je zaj\u00edmav\u00e1 sv\u00fdm plastick\u00fdm<\/p>\n","protected":false},"featured_media":8522,"template":"","meta":[],"product_brand":[153],"product_cat":[91],"product_tag":[],"class_list":{"0":"post-8521","1":"product","2":"type-product","3":"status-publish","4":"has-post-thumbnail","6":"product_brand-eterle-cz","7":"product_cat-prodane","9":"first","10":"outofstock","11":"purchasable","12":"product-type-simple"},"_links":{"self":[{"href":"https:\/\/eterle.cz\/eshop\/wp-json\/wp\/v2\/product\/8521","targetHints":{"allow":["GET"]}}],"collection":[{"href":"https:\/\/eterle.cz\/eshop\/wp-json\/wp\/v2\/product"}],"about":[{"href":"https:\/\/eterle.cz\/eshop\/wp-json\/wp\/v2\/types\/product"}],"version-history":[{"count":1,"href":"https:\/\/eterle.cz\/eshop\/wp-json\/wp\/v2\/product\/8521\/revisions"}],"predecessor-version":[{"id":8951,"href":"https:\/\/eterle.cz\/eshop\/wp-json\/wp\/v2\/product\/8521\/revisions\/8951"}],"wp:featuredmedia":[{"embeddable":true,"href":"https:\/\/eterle.cz\/eshop\/wp-json\/wp\/v2\/media\/8522"}],"wp:attachment":[{"href":"https:\/\/eterle.cz\/eshop\/wp-json\/wp\/v2\/media?parent=8521"}],"wp:term":[{"taxonomy":"product_brand","embeddable":true,"href":"https:\/\/eterle.cz\/eshop\/wp-json\/wp\/v2\/product_brand?post=8521"},{"taxonomy":"product_cat","embeddable":true,"href":"https:\/\/eterle.cz\/eshop\/wp-json\/wp\/v2\/product_cat?post=8521"},{"taxonomy":"product_tag","embeddable":true,"href":"https:\/\/eterle.cz\/eshop\/wp-json\/wp\/v2\/product_tag?post=8521"}],"curies":[{"name":"wp","href":"https:\/\/api.w.org\/{rel}","templated":true}]}}