{"id":8527,"date":"2022-03-21T20:20:52","date_gmt":"2022-03-21T19:20:52","guid":{"rendered":"https:\/\/eterle.cz\/eshop\/produkt\/porcelanova-vaza-royal-km\/"},"modified":"2025-02-16T03:02:36","modified_gmt":"2025-02-16T02:02:36","slug":"porcelanova-vaza-royal-km","status":"publish","type":"product","link":"https:\/\/eterle.cz\/eshop\/produkt\/porcelanova-vaza-royal-km\/","title":{"rendered":"Porcel\u00e1nov\u00e1 v\u00e1za \/ Royal KM"},"content":{"rendered":"<p>Velmi jednoduch\u00e1 elegantn\u00ed v\u00e1za zdobena decentn\u00edm zlat\u00fdm lemem. Slu\u0161et to v n\u00ed bude t\u0159eba tulin\u00e1p\u016fm nebo narcisk\u00e1m. D\u00edky men\u0161\u00edmu otvoru si vysta\u010d\u00edte s jedn\u00edm bal\u00ed\u010dkem tulip\u00e1n\u016f a m\u016f\u017eete doma p\u0159iv\u00edtat jaro raz dva.<\/p>\n<p>Stav: perfektn\u00ed<br \/>\nZna\u010dka: Royal KM<br \/>\nRozm\u011br<br \/>\nHorn\u00ed pr\u016fm\u011br: 6 cm<br \/>\nDoln\u00ed pr\u016fm\u011br: 6,5 cm<br \/>\nV\u00fd\u0161ka: 17,5 cm<\/p>\n","protected":false},"excerpt":{"rendered":"<p>Velmi jednoduch\u00e1 elegantn\u00ed v\u00e1za zdobena decentn\u00edm zlat\u00fdm lemem. Slu\u0161et to v n\u00ed bude t\u0159eba tulin\u00e1p\u016fm nebo narcisk\u00e1m. D\u00edky men\u0161\u00edmu otvoru<\/p>\n","protected":false},"featured_media":8528,"template":"","meta":[],"product_brand":[153],"product_cat":[91],"product_tag":[],"class_list":{"0":"post-8527","1":"product","2":"type-product","3":"status-publish","4":"has-post-thumbnail","6":"product_brand-eterle-cz","7":"product_cat-prodane","9":"first","10":"outofstock","11":"purchasable","12":"product-type-simple"},"_links":{"self":[{"href":"https:\/\/eterle.cz\/eshop\/wp-json\/wp\/v2\/product\/8527","targetHints":{"allow":["GET"]}}],"collection":[{"href":"https:\/\/eterle.cz\/eshop\/wp-json\/wp\/v2\/product"}],"about":[{"href":"https:\/\/eterle.cz\/eshop\/wp-json\/wp\/v2\/types\/product"}],"version-history":[{"count":0,"href":"https:\/\/eterle.cz\/eshop\/wp-json\/wp\/v2\/product\/8527\/revisions"}],"wp:featuredmedia":[{"embeddable":true,"href":"https:\/\/eterle.cz\/eshop\/wp-json\/wp\/v2\/media\/8528"}],"wp:attachment":[{"href":"https:\/\/eterle.cz\/eshop\/wp-json\/wp\/v2\/media?parent=8527"}],"wp:term":[{"taxonomy":"product_brand","embeddable":true,"href":"https:\/\/eterle.cz\/eshop\/wp-json\/wp\/v2\/product_brand?post=8527"},{"taxonomy":"product_cat","embeddable":true,"href":"https:\/\/eterle.cz\/eshop\/wp-json\/wp\/v2\/product_cat?post=8527"},{"taxonomy":"product_tag","embeddable":true,"href":"https:\/\/eterle.cz\/eshop\/wp-json\/wp\/v2\/product_tag?post=8527"}],"curies":[{"name":"wp","href":"https:\/\/api.w.org\/{rel}","templated":true}]}}