{"id":8533,"date":"2022-03-21T20:21:03","date_gmt":"2022-03-21T19:21:03","guid":{"rendered":"https:\/\/eterle.cz\/eshop\/produkt\/porcelanova-vaza-thun\/"},"modified":"2025-02-16T03:02:35","modified_gmt":"2025-02-16T02:02:35","slug":"porcelanova-vaza-thun","status":"publish","type":"product","link":"https:\/\/eterle.cz\/eshop\/produkt\/porcelanova-vaza-thun\/","title":{"rendered":"Porcel\u00e1nov\u00e1 v\u00e1za \/Thun"},"content":{"rendered":"<p>Studio Thun se z\u00e1sadn\u011b li\u0161\u00ed od velk\u00fdch pr\u016fmyslov\u00fdch porcel\u00e1nek a to v\u00fdhradn\u011b ru\u010dn\u00edm zp\u016fsobem v\u00fdroby a origin\u00e1ln\u00edm autorsk\u00fdm designem sv\u00fdch v\u00fdrobk\u016f. I tato v\u00e1za z d\u00edlny Studia Thun p\u0159edstavuje origin\u00e1ln\u00ed design a to p\u0159edev\u0161\u00edm sv\u00fdm neobvyl\u00fdm tvarem. B\u00edl\u00fd porcel\u00e1n je decentn\u011b zdoben tenk\u00fd st\u0159\u00edbrn\u00fdm prou\u017ekem.<\/p>\n<p>Stav: perfektn\u00ed<br \/>\nZna\u010dka: Thun studio<br \/>\nRozm\u011br<br \/>\nHorn\u00ed pr\u016fm\u011br: 11,5 cm<br \/>\nDoln\u00ed pr\u016fm\u011br: 11,5 cm<br \/>\nV\u00fd\u0161ka: 19 cm<\/p>\n","protected":false},"excerpt":{"rendered":"<p>Studio Thun se z\u00e1sadn\u011b li\u0161\u00ed od velk\u00fdch pr\u016fmyslov\u00fdch porcel\u00e1nek a to v\u00fdhradn\u011b ru\u010dn\u00edm zp\u016fsobem v\u00fdroby a origin\u00e1ln\u00edm autorsk\u00fdm designem sv\u00fdch<\/p>\n","protected":false},"featured_media":8534,"template":"","meta":[],"product_brand":[153],"product_cat":[91],"product_tag":[],"class_list":{"0":"post-8533","1":"product","2":"type-product","3":"status-publish","4":"has-post-thumbnail","6":"product_brand-eterle-cz","7":"product_cat-prodane","9":"first","10":"outofstock","11":"purchasable","12":"product-type-simple"},"_links":{"self":[{"href":"https:\/\/eterle.cz\/eshop\/wp-json\/wp\/v2\/product\/8533","targetHints":{"allow":["GET"]}}],"collection":[{"href":"https:\/\/eterle.cz\/eshop\/wp-json\/wp\/v2\/product"}],"about":[{"href":"https:\/\/eterle.cz\/eshop\/wp-json\/wp\/v2\/types\/product"}],"version-history":[{"count":0,"href":"https:\/\/eterle.cz\/eshop\/wp-json\/wp\/v2\/product\/8533\/revisions"}],"wp:featuredmedia":[{"embeddable":true,"href":"https:\/\/eterle.cz\/eshop\/wp-json\/wp\/v2\/media\/8534"}],"wp:attachment":[{"href":"https:\/\/eterle.cz\/eshop\/wp-json\/wp\/v2\/media?parent=8533"}],"wp:term":[{"taxonomy":"product_brand","embeddable":true,"href":"https:\/\/eterle.cz\/eshop\/wp-json\/wp\/v2\/product_brand?post=8533"},{"taxonomy":"product_cat","embeddable":true,"href":"https:\/\/eterle.cz\/eshop\/wp-json\/wp\/v2\/product_cat?post=8533"},{"taxonomy":"product_tag","embeddable":true,"href":"https:\/\/eterle.cz\/eshop\/wp-json\/wp\/v2\/product_tag?post=8533"}],"curies":[{"name":"wp","href":"https:\/\/api.w.org\/{rel}","templated":true}]}}