{"id":8545,"date":"2022-03-21T20:21:27","date_gmt":"2022-03-21T19:21:27","guid":{"rendered":"https:\/\/eterle.cz\/eshop\/produkt\/keramicka-lidova-vaza\/"},"modified":"2025-02-16T03:02:35","modified_gmt":"2025-02-16T02:02:35","slug":"keramicka-lidova-vaza","status":"publish","type":"product","link":"https:\/\/eterle.cz\/eshop\/produkt\/keramicka-lidova-vaza\/","title":{"rendered":"Keramick\u00e1 lidov\u00e1 v\u00e1za"},"content":{"rendered":"<p>Tato keramick\u00e1 v\u00e1za s lidov\u00fdm motivem se hod\u00ed vylo\u017een\u011b na n\u011bjak\u00fd venkovsk\u00fd statek nebo chalupu. Za n\u00e1s je ide\u00e1ln\u00ed nechat vyniknou bohat\u00e9 zdoben\u00ed a naaran\u017eovat do v\u00e1zy pouze r\u016fzn\u00e9 v\u011btve. Um\u00edme si na sklonku l\u00e9ta p\u0159edstavit ale i slune\u010dnice.<\/p>\n<p>Stav: perfektn\u00ed<br \/>\nRozm\u011br<br \/>\nHorn\u00ed pr\u016fm\u011br: 11,5 cm<br \/>\nDoln\u00ed pr\u016fm\u011br: 9 cm<br \/>\nV\u00fd\u0161ka:  26,5 cm<\/p>\n","protected":false},"excerpt":{"rendered":"<p>Tato keramick\u00e1 v\u00e1za s lidov\u00fdm motivem se hod\u00ed vylo\u017een\u011b na n\u011bjak\u00fd venkovsk\u00fd statek nebo chalupu. Za n\u00e1s je ide\u00e1ln\u00ed nechat<\/p>\n","protected":false},"featured_media":8546,"template":"","meta":[],"product_brand":[153],"product_cat":[91],"product_tag":[],"class_list":{"0":"post-8545","1":"product","2":"type-product","3":"status-publish","4":"has-post-thumbnail","6":"product_brand-eterle-cz","7":"product_cat-prodane","9":"first","10":"outofstock","11":"purchasable","12":"product-type-simple"},"_links":{"self":[{"href":"https:\/\/eterle.cz\/eshop\/wp-json\/wp\/v2\/product\/8545","targetHints":{"allow":["GET"]}}],"collection":[{"href":"https:\/\/eterle.cz\/eshop\/wp-json\/wp\/v2\/product"}],"about":[{"href":"https:\/\/eterle.cz\/eshop\/wp-json\/wp\/v2\/types\/product"}],"version-history":[{"count":0,"href":"https:\/\/eterle.cz\/eshop\/wp-json\/wp\/v2\/product\/8545\/revisions"}],"wp:featuredmedia":[{"embeddable":true,"href":"https:\/\/eterle.cz\/eshop\/wp-json\/wp\/v2\/media\/8546"}],"wp:attachment":[{"href":"https:\/\/eterle.cz\/eshop\/wp-json\/wp\/v2\/media?parent=8545"}],"wp:term":[{"taxonomy":"product_brand","embeddable":true,"href":"https:\/\/eterle.cz\/eshop\/wp-json\/wp\/v2\/product_brand?post=8545"},{"taxonomy":"product_cat","embeddable":true,"href":"https:\/\/eterle.cz\/eshop\/wp-json\/wp\/v2\/product_cat?post=8545"},{"taxonomy":"product_tag","embeddable":true,"href":"https:\/\/eterle.cz\/eshop\/wp-json\/wp\/v2\/product_tag?post=8545"}],"curies":[{"name":"wp","href":"https:\/\/api.w.org\/{rel}","templated":true}]}}