{"id":8549,"date":"2022-03-21T20:21:34","date_gmt":"2022-03-21T19:21:34","guid":{"rendered":"https:\/\/eterle.cz\/eshop\/produkt\/porcelanova-vaza-arzberg\/"},"modified":"2025-02-16T03:02:34","modified_gmt":"2025-02-16T02:02:34","slug":"porcelanova-vaza-arzberg","status":"publish","type":"product","link":"https:\/\/eterle.cz\/eshop\/produkt\/porcelanova-vaza-arzberg\/","title":{"rendered":"Porcel\u00e1nov\u00e1 v\u00e1za \/ Arzberg"},"content":{"rendered":"<p>Pokud preferujete zdoben\u00e9 v\u00e1zy nad \u010dist\u011b b\u00edl\u00fdmi, mohla by v\u00e1m padnout do oka pr\u00e1v\u011b tato od n\u011bmeck\u00e9 porcle\u00e1nky Arzberg, kter\u00e1 od roku 2013 spad\u00e1 do skupiny Rosenthal GmbH. Jeliko\u017e dekorace na v\u00e1ze je v b\u00edlo-zlat\u00fdch barv\u00e1ch, nelimituje to p\u0159\u00edli\u0161 barevnou \u0161k\u00e1lu kv\u011btin, kter\u00e9 lze do v\u00e1zy pou\u017e\u00edt. V\u00fdb\u011brem barev pak sp\u00ed\u0161e ur\u010d\u00edte, zda chcete nechat vyniknout v\u00e1zu jako takovou a nebo kv\u011btinov\u00e9 aran\u017em\u00e1.<\/p>\n<p>Stav: v\u00fdborn\u00fd<br \/>\nZna\u010dka: Arzberg<br \/>\nRozm\u011br<br \/>\nHorn\u00ed otvor: 11 x 10 cm<br \/>\nV\u00fd\u0161ka: 16,5 cm<\/p>\n","protected":false},"excerpt":{"rendered":"<p>Pokud preferujete zdoben\u00e9 v\u00e1zy nad \u010dist\u011b b\u00edl\u00fdmi, mohla by v\u00e1m padnout do oka pr\u00e1v\u011b tato od n\u011bmeck\u00e9 porcle\u00e1nky Arzberg, kter\u00e1<\/p>\n","protected":false},"featured_media":8550,"template":"","meta":[],"product_brand":[153],"product_cat":[91],"product_tag":[],"class_list":{"0":"post-8549","1":"product","2":"type-product","3":"status-publish","4":"has-post-thumbnail","6":"product_brand-eterle-cz","7":"product_cat-prodane","9":"first","10":"outofstock","11":"purchasable","12":"product-type-simple"},"_links":{"self":[{"href":"https:\/\/eterle.cz\/eshop\/wp-json\/wp\/v2\/product\/8549","targetHints":{"allow":["GET"]}}],"collection":[{"href":"https:\/\/eterle.cz\/eshop\/wp-json\/wp\/v2\/product"}],"about":[{"href":"https:\/\/eterle.cz\/eshop\/wp-json\/wp\/v2\/types\/product"}],"version-history":[{"count":0,"href":"https:\/\/eterle.cz\/eshop\/wp-json\/wp\/v2\/product\/8549\/revisions"}],"wp:featuredmedia":[{"embeddable":true,"href":"https:\/\/eterle.cz\/eshop\/wp-json\/wp\/v2\/media\/8550"}],"wp:attachment":[{"href":"https:\/\/eterle.cz\/eshop\/wp-json\/wp\/v2\/media?parent=8549"}],"wp:term":[{"taxonomy":"product_brand","embeddable":true,"href":"https:\/\/eterle.cz\/eshop\/wp-json\/wp\/v2\/product_brand?post=8549"},{"taxonomy":"product_cat","embeddable":true,"href":"https:\/\/eterle.cz\/eshop\/wp-json\/wp\/v2\/product_cat?post=8549"},{"taxonomy":"product_tag","embeddable":true,"href":"https:\/\/eterle.cz\/eshop\/wp-json\/wp\/v2\/product_tag?post=8549"}],"curies":[{"name":"wp","href":"https:\/\/api.w.org\/{rel}","templated":true}]}}