{"id":8557,"date":"2022-03-21T20:21:49","date_gmt":"2022-03-21T19:21:49","guid":{"rendered":"https:\/\/eterle.cz\/eshop\/produkt\/kristalova-vaza-2\/"},"modified":"2025-02-16T03:02:34","modified_gmt":"2025-02-16T02:02:34","slug":"kristalova-vaza-2","status":"publish","type":"product","link":"https:\/\/eterle.cz\/eshop\/produkt\/kristalova-vaza-2\/","title":{"rendered":"K\u0159i\u0161\u0165\u00e1lov\u00e1 v\u00e1za"},"content":{"rendered":"<p>Stav: perfektn\u00ed<br \/>\nRozm\u011br<br \/>\nHorn\u00ed pr\u016fm\u011br: 9 cm<br \/>\nDoln\u00ed pr\u016fm\u011br: 7 cm<br \/>\nV\u00fd\u0161ka: 16 cm<\/p>\n","protected":false},"excerpt":{"rendered":"<p>Stav: perfektn\u00ed Rozm\u011br Horn\u00ed pr\u016fm\u011br: 9 cm Doln\u00ed pr\u016fm\u011br: 7 cm V\u00fd\u0161ka: 16 cm<\/p>\n","protected":false},"featured_media":8558,"template":"","meta":[],"product_brand":[153],"product_cat":[91],"product_tag":[],"class_list":{"0":"post-8557","1":"product","2":"type-product","3":"status-publish","4":"has-post-thumbnail","6":"product_brand-eterle-cz","7":"product_cat-prodane","9":"first","10":"outofstock","11":"purchasable","12":"product-type-simple"},"_links":{"self":[{"href":"https:\/\/eterle.cz\/eshop\/wp-json\/wp\/v2\/product\/8557","targetHints":{"allow":["GET"]}}],"collection":[{"href":"https:\/\/eterle.cz\/eshop\/wp-json\/wp\/v2\/product"}],"about":[{"href":"https:\/\/eterle.cz\/eshop\/wp-json\/wp\/v2\/types\/product"}],"version-history":[{"count":0,"href":"https:\/\/eterle.cz\/eshop\/wp-json\/wp\/v2\/product\/8557\/revisions"}],"wp:featuredmedia":[{"embeddable":true,"href":"https:\/\/eterle.cz\/eshop\/wp-json\/wp\/v2\/media\/8558"}],"wp:attachment":[{"href":"https:\/\/eterle.cz\/eshop\/wp-json\/wp\/v2\/media?parent=8557"}],"wp:term":[{"taxonomy":"product_brand","embeddable":true,"href":"https:\/\/eterle.cz\/eshop\/wp-json\/wp\/v2\/product_brand?post=8557"},{"taxonomy":"product_cat","embeddable":true,"href":"https:\/\/eterle.cz\/eshop\/wp-json\/wp\/v2\/product_cat?post=8557"},{"taxonomy":"product_tag","embeddable":true,"href":"https:\/\/eterle.cz\/eshop\/wp-json\/wp\/v2\/product_tag?post=8557"}],"curies":[{"name":"wp","href":"https:\/\/api.w.org\/{rel}","templated":true}]}}