{"id":8561,"date":"2022-03-21T20:21:56","date_gmt":"2022-03-21T19:21:56","guid":{"rendered":"https:\/\/eterle.cz\/eshop\/produkt\/porcelanova-vaza-wunsiedel\/"},"modified":"2025-02-16T03:02:34","modified_gmt":"2025-02-16T02:02:34","slug":"porcelanova-vaza-wunsiedel","status":"publish","type":"product","link":"https:\/\/eterle.cz\/eshop\/produkt\/porcelanova-vaza-wunsiedel\/","title":{"rendered":"Porcel\u00e1nov\u00e1 v\u00e1za \/ Wunsiedel"},"content":{"rendered":"<p>Men\u0161\u00ed porcel\u00e1nov\u00e1 v\u00e1za m\u00e1 nejen zaj\u00edmav\u00fd hranat\u00fd tvar, ale i plastick\u00e9 geometrick\u00e9 zdoben\u00ed. Poch\u00e1z\u00ed z n\u011bmeck\u00e9 porcel\u00e1nky Wunsiedel a bude ide\u00e1ln\u00ed pro ty, kte\u0159\u00ed si necht\u011bj\u00ed l\u00e1mat hlavu se slo\u017eit\u00fdm aran\u017eov\u00e1n\u00edm a n\u00e1kupem velk\u00fdch kytic.<\/p>\n<p>Stav: zvenku perfektn\u00ed, jen uvnit\u0159 je v\u00e1za zane\u0161ena od pou\u017e\u00edv\u00e1n\u00ed<br \/>\nZna\u010dka: Wunsiedel<br \/>\nHorn\u00ed pr\u016fm\u011br: 3,5 cm<br \/>\nDoln\u00ed pr\u016fm\u011br: 4,5 cm<br \/>\nV\u00fd\u0161ka: 16 cm<\/p>\n","protected":false},"excerpt":{"rendered":"<p>Men\u0161\u00ed porcel\u00e1nov\u00e1 v\u00e1za m\u00e1 nejen zaj\u00edmav\u00fd hranat\u00fd tvar, ale i plastick\u00e9 geometrick\u00e9 zdoben\u00ed. Poch\u00e1z\u00ed z n\u011bmeck\u00e9 porcel\u00e1nky Wunsiedel a bude<\/p>\n","protected":false},"featured_media":13412,"template":"","meta":[],"product_brand":[153],"product_cat":[91],"product_tag":[],"class_list":{"0":"post-8561","1":"product","2":"type-product","3":"status-publish","4":"has-post-thumbnail","6":"product_brand-eterle-cz","7":"product_cat-prodane","9":"first","10":"outofstock","11":"purchasable","12":"product-type-simple"},"_links":{"self":[{"href":"https:\/\/eterle.cz\/eshop\/wp-json\/wp\/v2\/product\/8561","targetHints":{"allow":["GET"]}}],"collection":[{"href":"https:\/\/eterle.cz\/eshop\/wp-json\/wp\/v2\/product"}],"about":[{"href":"https:\/\/eterle.cz\/eshop\/wp-json\/wp\/v2\/types\/product"}],"version-history":[{"count":0,"href":"https:\/\/eterle.cz\/eshop\/wp-json\/wp\/v2\/product\/8561\/revisions"}],"wp:featuredmedia":[{"embeddable":true,"href":"https:\/\/eterle.cz\/eshop\/wp-json\/wp\/v2\/media\/13412"}],"wp:attachment":[{"href":"https:\/\/eterle.cz\/eshop\/wp-json\/wp\/v2\/media?parent=8561"}],"wp:term":[{"taxonomy":"product_brand","embeddable":true,"href":"https:\/\/eterle.cz\/eshop\/wp-json\/wp\/v2\/product_brand?post=8561"},{"taxonomy":"product_cat","embeddable":true,"href":"https:\/\/eterle.cz\/eshop\/wp-json\/wp\/v2\/product_cat?post=8561"},{"taxonomy":"product_tag","embeddable":true,"href":"https:\/\/eterle.cz\/eshop\/wp-json\/wp\/v2\/product_tag?post=8561"}],"curies":[{"name":"wp","href":"https:\/\/api.w.org\/{rel}","templated":true}]}}