{"id":8565,"date":"2022-03-21T20:22:03","date_gmt":"2022-03-21T19:22:03","guid":{"rendered":"https:\/\/eterle.cz\/eshop\/produkt\/porcelanova-vaza-hutschenreuther-3\/"},"modified":"2025-02-16T03:02:33","modified_gmt":"2025-02-16T02:02:33","slug":"porcelanova-vaza-hutschenreuther-3","status":"publish","type":"product","link":"https:\/\/eterle.cz\/eshop\/produkt\/porcelanova-vaza-hutschenreuther-3\/","title":{"rendered":"Porcel\u00e1nov\u00e1 v\u00e1za \/ Hutschenreuther"},"content":{"rendered":"<p>V\u00e1za ve tvaru dut\u00e9ho kmene poch\u00e1z\u00ed zhruba z let 1990. Je sv\u00fdm tvarem sama o sob\u011b pom\u011brn\u011b dominantn\u00ed a p\u016fsob\u00ed t\u00e9m\u011b\u0159 jako socha. M\u00e1 matn\u00fd tzv. biskvitov\u00fd (neglazovan\u00fd) povrch. Volba kv\u011btin m\u016f\u017ee b\u00fdt trochu v\u00fdzvou, na druhou stranu v knihovn\u011b ud\u011bl\u00e1 par\u00e1du i bez aran\u017em\u00e1.<\/p>\n<p>Stav: perfektn\u00ed<br \/>\nZna\u010dka: Hutschenreuther<br \/>\nRozm\u011br<br \/>\n\u0160\u00ed\u0159ka: 7 cm<br \/>\nV\u00fd\u0161ka: 17 cm<\/p>\n","protected":false},"excerpt":{"rendered":"<p>V\u00e1za ve tvaru dut\u00e9ho kmene poch\u00e1z\u00ed zhruba z let 1990. Je sv\u00fdm tvarem sama o sob\u011b pom\u011brn\u011b dominantn\u00ed a p\u016fsob\u00ed<\/p>\n","protected":false},"featured_media":8566,"template":"","meta":[],"product_brand":[153],"product_cat":[91],"product_tag":[],"class_list":{"0":"post-8565","1":"product","2":"type-product","3":"status-publish","4":"has-post-thumbnail","6":"product_brand-eterle-cz","7":"product_cat-prodane","9":"first","10":"outofstock","11":"purchasable","12":"product-type-simple"},"_links":{"self":[{"href":"https:\/\/eterle.cz\/eshop\/wp-json\/wp\/v2\/product\/8565","targetHints":{"allow":["GET"]}}],"collection":[{"href":"https:\/\/eterle.cz\/eshop\/wp-json\/wp\/v2\/product"}],"about":[{"href":"https:\/\/eterle.cz\/eshop\/wp-json\/wp\/v2\/types\/product"}],"version-history":[{"count":0,"href":"https:\/\/eterle.cz\/eshop\/wp-json\/wp\/v2\/product\/8565\/revisions"}],"wp:featuredmedia":[{"embeddable":true,"href":"https:\/\/eterle.cz\/eshop\/wp-json\/wp\/v2\/media\/8566"}],"wp:attachment":[{"href":"https:\/\/eterle.cz\/eshop\/wp-json\/wp\/v2\/media?parent=8565"}],"wp:term":[{"taxonomy":"product_brand","embeddable":true,"href":"https:\/\/eterle.cz\/eshop\/wp-json\/wp\/v2\/product_brand?post=8565"},{"taxonomy":"product_cat","embeddable":true,"href":"https:\/\/eterle.cz\/eshop\/wp-json\/wp\/v2\/product_cat?post=8565"},{"taxonomy":"product_tag","embeddable":true,"href":"https:\/\/eterle.cz\/eshop\/wp-json\/wp\/v2\/product_tag?post=8565"}],"curies":[{"name":"wp","href":"https:\/\/api.w.org\/{rel}","templated":true}]}}