{"id":8570,"date":"2022-03-21T20:22:11","date_gmt":"2022-03-21T19:22:11","guid":{"rendered":"https:\/\/eterle.cz\/eshop\/produkt\/porcelanova-vaza-arzberg-2\/"},"modified":"2025-02-16T03:02:33","modified_gmt":"2025-02-16T02:02:33","slug":"porcelanova-vaza-arzberg-2","status":"publish","type":"product","link":"https:\/\/eterle.cz\/eshop\/produkt\/porcelanova-vaza-arzberg-2\/","title":{"rendered":"Porcel\u00e1nov\u00e1 v\u00e1za \/ Arzberg"},"content":{"rendered":"<p>Stav: v\u00fdborn\u00fd<br \/>\nZna\u010dka: Arzberg<br \/>\nRozm\u011br<br \/>\nHorn\u00ed otvor: 11 x 10 cm<br \/>\nV\u00fd\u0161ka: 16,5 cm<\/p>\n","protected":false},"excerpt":{"rendered":"<p>Stav: v\u00fdborn\u00fd Zna\u010dka: Arzberg Rozm\u011br Horn\u00ed otvor: 11 x 10 cm V\u00fd\u0161ka: 16,5 cm<\/p>\n","protected":false},"featured_media":8571,"template":"","meta":[],"product_brand":[153],"product_cat":[91],"product_tag":[],"class_list":{"0":"post-8570","1":"product","2":"type-product","3":"status-publish","4":"has-post-thumbnail","6":"product_brand-eterle-cz","7":"product_cat-prodane","9":"first","10":"outofstock","11":"purchasable","12":"product-type-simple"},"_links":{"self":[{"href":"https:\/\/eterle.cz\/eshop\/wp-json\/wp\/v2\/product\/8570","targetHints":{"allow":["GET"]}}],"collection":[{"href":"https:\/\/eterle.cz\/eshop\/wp-json\/wp\/v2\/product"}],"about":[{"href":"https:\/\/eterle.cz\/eshop\/wp-json\/wp\/v2\/types\/product"}],"version-history":[{"count":0,"href":"https:\/\/eterle.cz\/eshop\/wp-json\/wp\/v2\/product\/8570\/revisions"}],"wp:featuredmedia":[{"embeddable":true,"href":"https:\/\/eterle.cz\/eshop\/wp-json\/wp\/v2\/media\/8571"}],"wp:attachment":[{"href":"https:\/\/eterle.cz\/eshop\/wp-json\/wp\/v2\/media?parent=8570"}],"wp:term":[{"taxonomy":"product_brand","embeddable":true,"href":"https:\/\/eterle.cz\/eshop\/wp-json\/wp\/v2\/product_brand?post=8570"},{"taxonomy":"product_cat","embeddable":true,"href":"https:\/\/eterle.cz\/eshop\/wp-json\/wp\/v2\/product_cat?post=8570"},{"taxonomy":"product_tag","embeddable":true,"href":"https:\/\/eterle.cz\/eshop\/wp-json\/wp\/v2\/product_tag?post=8570"}],"curies":[{"name":"wp","href":"https:\/\/api.w.org\/{rel}","templated":true}]}}