{"id":8576,"date":"2022-03-21T20:22:23","date_gmt":"2022-03-21T19:22:23","guid":{"rendered":"https:\/\/eterle.cz\/eshop\/produkt\/sklenena-vazicka\/"},"modified":"2025-06-24T01:51:45","modified_gmt":"2025-06-23T23:51:45","slug":"sklenena-vazicka","status":"publish","type":"product","link":"https:\/\/eterle.cz\/eshop\/produkt\/sklenena-vazicka\/","title":{"rendered":"Sklen\u011bn\u00e1 v\u00e1zi\u010dka"},"content":{"rendered":"<p>Duhov\u00e1 sklen\u011bn\u00e1 v\u00e1zi\u010dka je svou velikost\u00ed vhodn\u00e1 na drobn\u011bj\u0161\u00ed kyti\u010dky jako jsou nap\u0159\u00edklad sn\u011b\u017eenky. Vyu\u017e\u00edt se ale d\u00e1 jist\u011b i a\u017e tyto kv\u011btiny na z\u00e1honech odkvetou. Pak je m\u016f\u017eete nahradit t\u0159eba jedn\u00edm kv\u011btem r\u016f\u017ee.<\/p>\n<p>Stav: dobr\u00fd<br \/>\nRozm\u011br<br \/>\nHorn\u00ed pr\u016fm\u011br: 4,5 cm<br \/>\nV\u00fd\u0161ka: 12,5 cm<\/p>\n","protected":false},"excerpt":{"rendered":"<p>Duhov\u00e1 sklen\u011bn\u00e1 v\u00e1zi\u010dka je svou velikost\u00ed vhodn\u00e1 na drobn\u011bj\u0161\u00ed kyti\u010dky jako jsou nap\u0159\u00edklad sn\u011b\u017eenky. Vyu\u017e\u00edt se ale d\u00e1 jist\u011b i<\/p>\n","protected":false},"featured_media":8577,"template":"","meta":[],"product_brand":[153],"product_cat":[94],"product_tag":[],"class_list":{"0":"post-8576","1":"product","2":"type-product","3":"status-publish","4":"has-post-thumbnail","6":"product_brand-eterle-cz","7":"product_cat-vazy","9":"first","10":"instock","11":"purchasable","12":"product-type-simple"},"_links":{"self":[{"href":"https:\/\/eterle.cz\/eshop\/wp-json\/wp\/v2\/product\/8576","targetHints":{"allow":["GET"]}}],"collection":[{"href":"https:\/\/eterle.cz\/eshop\/wp-json\/wp\/v2\/product"}],"about":[{"href":"https:\/\/eterle.cz\/eshop\/wp-json\/wp\/v2\/types\/product"}],"version-history":[{"count":2,"href":"https:\/\/eterle.cz\/eshop\/wp-json\/wp\/v2\/product\/8576\/revisions"}],"predecessor-version":[{"id":26085,"href":"https:\/\/eterle.cz\/eshop\/wp-json\/wp\/v2\/product\/8576\/revisions\/26085"}],"wp:featuredmedia":[{"embeddable":true,"href":"https:\/\/eterle.cz\/eshop\/wp-json\/wp\/v2\/media\/8577"}],"wp:attachment":[{"href":"https:\/\/eterle.cz\/eshop\/wp-json\/wp\/v2\/media?parent=8576"}],"wp:term":[{"taxonomy":"product_brand","embeddable":true,"href":"https:\/\/eterle.cz\/eshop\/wp-json\/wp\/v2\/product_brand?post=8576"},{"taxonomy":"product_cat","embeddable":true,"href":"https:\/\/eterle.cz\/eshop\/wp-json\/wp\/v2\/product_cat?post=8576"},{"taxonomy":"product_tag","embeddable":true,"href":"https:\/\/eterle.cz\/eshop\/wp-json\/wp\/v2\/product_tag?post=8576"}],"curies":[{"name":"wp","href":"https:\/\/api.w.org\/{rel}","templated":true}]}}