{"id":8585,"date":"2022-03-23T13:08:03","date_gmt":"2022-03-23T12:08:03","guid":{"rendered":"https:\/\/eterle.cz\/eshop\/produkt\/prouteny-obal-na-kvetinace\/"},"modified":"2025-02-16T03:02:32","modified_gmt":"2025-02-16T02:02:32","slug":"prouteny-obal-na-kvetinace","status":"publish","type":"product","link":"https:\/\/eterle.cz\/eshop\/produkt\/prouteny-obal-na-kvetinace\/","title":{"rendered":"Prout\u011bn\u00fd obal na kv\u011btin\u00e1\u010de"},"content":{"rendered":"<p>P\u0159\u00edrodn\u00ed obal z prout\u00ed na 6 kv\u011btin\u00e1\u010d\u016f. Na jarn\u00ed chalupu jak d\u011blan\u00fd.<\/p>\n<p>Stav: odpov\u00eddaj\u00edc\u00ed p\u0159\u00edrodn\u00ed ru\u010dn\u00ed pr\u00e1ci (m\u00edsty je prout\u00ed po\u0161kozeno viz detaily na fotk\u00e1ch)<br \/>\nRozm\u011br<br \/>\nD\u00e9lka: 73 cm<br \/>\nHloubka: 13,5 cm<br \/>\nV\u00fd\u0161ka:10,5 cm<\/p>\n","protected":false},"excerpt":{"rendered":"<p>P\u0159\u00edrodn\u00ed obal z prout\u00ed na 6 kv\u011btin\u00e1\u010d\u016f. Na jarn\u00ed chalupu jak d\u011blan\u00fd. Stav: odpov\u00eddaj\u00edc\u00ed p\u0159\u00edrodn\u00ed ru\u010dn\u00ed pr\u00e1ci (m\u00edsty je prout\u00ed<\/p>\n","protected":false},"featured_media":8586,"template":"","meta":[],"product_brand":[153],"product_cat":[91],"product_tag":[],"class_list":{"0":"post-8585","1":"product","2":"type-product","3":"status-publish","4":"has-post-thumbnail","6":"product_brand-eterle-cz","7":"product_cat-prodane","8":"product_shipping_class-nadrozmerne","10":"first","11":"outofstock","12":"purchasable","13":"product-type-simple"},"_links":{"self":[{"href":"https:\/\/eterle.cz\/eshop\/wp-json\/wp\/v2\/product\/8585","targetHints":{"allow":["GET"]}}],"collection":[{"href":"https:\/\/eterle.cz\/eshop\/wp-json\/wp\/v2\/product"}],"about":[{"href":"https:\/\/eterle.cz\/eshop\/wp-json\/wp\/v2\/types\/product"}],"version-history":[{"count":0,"href":"https:\/\/eterle.cz\/eshop\/wp-json\/wp\/v2\/product\/8585\/revisions"}],"wp:featuredmedia":[{"embeddable":true,"href":"https:\/\/eterle.cz\/eshop\/wp-json\/wp\/v2\/media\/8586"}],"wp:attachment":[{"href":"https:\/\/eterle.cz\/eshop\/wp-json\/wp\/v2\/media?parent=8585"}],"wp:term":[{"taxonomy":"product_brand","embeddable":true,"href":"https:\/\/eterle.cz\/eshop\/wp-json\/wp\/v2\/product_brand?post=8585"},{"taxonomy":"product_cat","embeddable":true,"href":"https:\/\/eterle.cz\/eshop\/wp-json\/wp\/v2\/product_cat?post=8585"},{"taxonomy":"product_tag","embeddable":true,"href":"https:\/\/eterle.cz\/eshop\/wp-json\/wp\/v2\/product_tag?post=8585"}],"curies":[{"name":"wp","href":"https:\/\/api.w.org\/{rel}","templated":true}]}}