{"id":8591,"date":"2022-03-23T13:08:12","date_gmt":"2022-03-23T12:08:12","guid":{"rendered":"https:\/\/eterle.cz\/eshop\/produkt\/cajova-konvice-heinrich-anmut\/"},"modified":"2025-02-16T03:02:32","modified_gmt":"2025-02-16T02:02:32","slug":"cajova-konvice-heinrich-anmut","status":"publish","type":"product","link":"https:\/\/eterle.cz\/eshop\/produkt\/cajova-konvice-heinrich-anmut\/","title":{"rendered":"\u010cajov\u00e1 konvice \/ Heinrich Anmut"},"content":{"rendered":"<p>Kr\u00e1sn\u00e1 bunclat\u00e1 \u010dajov\u00e1 konvice, kter\u00e1 pojme a\u017e 2l \u010daje. Zna\u010dka Heinrich Anmut je p\u0159edch\u016fdcem zn\u00e1m\u00e9 fr. zna\u010dky Villeroy &#038; Boch. Cel\u00fd set v tomto designu byl v roce 1951 ocen\u011bn zlatou medail\u00ed na v\u00fdstav\u011b v Mil\u00e1n\u011b.<\/p>\n<p>Stav: perfektn\u00ed, jen hubi\u010dka zevnit\u0159 trochu zn\u00e1mky usazenin \u010daje<br \/>\nZna\u010dka: Heinrich Anmut<br \/>\nRozm\u011br<br \/>\nObjem: 2 l<br \/>\nV\u00fd\u0161ka: 19,5 cm<\/p>\n","protected":false},"excerpt":{"rendered":"<p>Kr\u00e1sn\u00e1 bunclat\u00e1 \u010dajov\u00e1 konvice, kter\u00e1 pojme a\u017e 2l \u010daje. Zna\u010dka Heinrich Anmut je p\u0159edch\u016fdcem zn\u00e1m\u00e9 fr. zna\u010dky Villeroy &#038; Boch.<\/p>\n","protected":false},"featured_media":8592,"template":"","meta":[],"product_brand":[153],"product_cat":[91],"product_tag":[],"class_list":{"0":"post-8591","1":"product","2":"type-product","3":"status-publish","4":"has-post-thumbnail","6":"product_brand-eterle-cz","7":"product_cat-prodane","9":"first","10":"outofstock","11":"purchasable","12":"product-type-simple"},"_links":{"self":[{"href":"https:\/\/eterle.cz\/eshop\/wp-json\/wp\/v2\/product\/8591","targetHints":{"allow":["GET"]}}],"collection":[{"href":"https:\/\/eterle.cz\/eshop\/wp-json\/wp\/v2\/product"}],"about":[{"href":"https:\/\/eterle.cz\/eshop\/wp-json\/wp\/v2\/types\/product"}],"version-history":[{"count":2,"href":"https:\/\/eterle.cz\/eshop\/wp-json\/wp\/v2\/product\/8591\/revisions"}],"predecessor-version":[{"id":16308,"href":"https:\/\/eterle.cz\/eshop\/wp-json\/wp\/v2\/product\/8591\/revisions\/16308"}],"wp:featuredmedia":[{"embeddable":true,"href":"https:\/\/eterle.cz\/eshop\/wp-json\/wp\/v2\/media\/8592"}],"wp:attachment":[{"href":"https:\/\/eterle.cz\/eshop\/wp-json\/wp\/v2\/media?parent=8591"}],"wp:term":[{"taxonomy":"product_brand","embeddable":true,"href":"https:\/\/eterle.cz\/eshop\/wp-json\/wp\/v2\/product_brand?post=8591"},{"taxonomy":"product_cat","embeddable":true,"href":"https:\/\/eterle.cz\/eshop\/wp-json\/wp\/v2\/product_cat?post=8591"},{"taxonomy":"product_tag","embeddable":true,"href":"https:\/\/eterle.cz\/eshop\/wp-json\/wp\/v2\/product_tag?post=8591"}],"curies":[{"name":"wp","href":"https:\/\/api.w.org\/{rel}","templated":true}]}}