{"id":8598,"date":"2022-03-23T13:08:24","date_gmt":"2022-03-23T12:08:24","guid":{"rendered":"https:\/\/eterle.cz\/eshop\/produkt\/zluty-dzbanek\/"},"modified":"2025-02-16T03:02:31","modified_gmt":"2025-02-16T02:02:31","slug":"zluty-dzbanek","status":"publish","type":"product","link":"https:\/\/eterle.cz\/eshop\/produkt\/zluty-dzbanek\/","title":{"rendered":"\u017dlut\u00fd d\u017eb\u00e1nek"},"content":{"rendered":"<p>Keramick\u00fd d\u017eb\u00e1nek klasick\u00e9ho tvaru v kr\u00e1sn\u011b tepl\u00e9 \u017elut\u00e9 barv\u011b, kteoru okam\u017et\u011b upout\u00e1 pozornost. Bude se hodit jak na vodu, tak jako v\u00e1za na kv\u011btiny.<\/p>\n<p>Stav: perfektn\u00ed<br \/>\nRozm\u011br<br \/>\nObjem: 1,5 l<br \/>\nV\u00fd\u0161ka: 20 cm<\/p>\n","protected":false},"excerpt":{"rendered":"<p>Keramick\u00fd d\u017eb\u00e1nek klasick\u00e9ho tvaru v kr\u00e1sn\u011b tepl\u00e9 \u017elut\u00e9 barv\u011b, kteoru okam\u017et\u011b upout\u00e1 pozornost. Bude se hodit jak na vodu, tak<\/p>\n","protected":false},"featured_media":8599,"template":"","meta":[],"product_brand":[153],"product_cat":[91],"product_tag":[],"class_list":{"0":"post-8598","1":"product","2":"type-product","3":"status-publish","4":"has-post-thumbnail","6":"product_brand-eterle-cz","7":"product_cat-prodane","9":"first","10":"outofstock","11":"purchasable","12":"product-type-simple"},"_links":{"self":[{"href":"https:\/\/eterle.cz\/eshop\/wp-json\/wp\/v2\/product\/8598","targetHints":{"allow":["GET"]}}],"collection":[{"href":"https:\/\/eterle.cz\/eshop\/wp-json\/wp\/v2\/product"}],"about":[{"href":"https:\/\/eterle.cz\/eshop\/wp-json\/wp\/v2\/types\/product"}],"version-history":[{"count":0,"href":"https:\/\/eterle.cz\/eshop\/wp-json\/wp\/v2\/product\/8598\/revisions"}],"wp:featuredmedia":[{"embeddable":true,"href":"https:\/\/eterle.cz\/eshop\/wp-json\/wp\/v2\/media\/8599"}],"wp:attachment":[{"href":"https:\/\/eterle.cz\/eshop\/wp-json\/wp\/v2\/media?parent=8598"}],"wp:term":[{"taxonomy":"product_brand","embeddable":true,"href":"https:\/\/eterle.cz\/eshop\/wp-json\/wp\/v2\/product_brand?post=8598"},{"taxonomy":"product_cat","embeddable":true,"href":"https:\/\/eterle.cz\/eshop\/wp-json\/wp\/v2\/product_cat?post=8598"},{"taxonomy":"product_tag","embeddable":true,"href":"https:\/\/eterle.cz\/eshop\/wp-json\/wp\/v2\/product_tag?post=8598"}],"curies":[{"name":"wp","href":"https:\/\/api.w.org\/{rel}","templated":true}]}}