{"id":8601,"date":"2022-03-23T13:08:29","date_gmt":"2022-03-23T12:08:29","guid":{"rendered":"https:\/\/eterle.cz\/eshop\/produkt\/exkluzivni-konvice-wedgwood\/"},"modified":"2025-02-16T03:02:31","modified_gmt":"2025-02-16T02:02:31","slug":"exkluzivni-konvice-wedgwood","status":"publish","type":"product","link":"https:\/\/eterle.cz\/eshop\/produkt\/exkluzivni-konvice-wedgwood\/","title":{"rendered":"Exkluzivn\u00ed konvice \/ Wedgwood"},"content":{"rendered":"<p>Konvice od exkluzivn\u00ed zna\u010dky Wedgwood v dekoru Blue Willow, kter\u00fd se vyr\u00e1b\u00ed u\u017e n\u011bkolik stalet\u00ed. Popularita tohoto vzoru vrcholila v pov\u00e1le\u010dn\u00e9m obdob\u00ed a v\u011bt\u0161ina Willow Wedgwood porcel\u00e1nu  poch\u00e1z\u00ed z 50. let 20. stolet\u00ed a m\u00e1 \u010d\u00ednsk\u00e9 zna\u010dky Wedgwood of Etruria &#038; Barlaston.<\/p>\n<p>Stav: perfektn\u00ed<br \/>\nZna\u010dka: Wedgwood<br \/>\nRozm\u011br<br \/>\nObjem: 800 ml<br \/>\nV\u00fd\u0161ka:  17,5 cm<\/p>\n","protected":false},"excerpt":{"rendered":"<p>Konvice od exkluzivn\u00ed zna\u010dky Wedgwood v dekoru Blue Willow, kter\u00fd se vyr\u00e1b\u00ed u\u017e n\u011bkolik stalet\u00ed. Popularita tohoto vzoru vrcholila v<\/p>\n","protected":false},"featured_media":8602,"template":"","meta":[],"product_brand":[153],"product_cat":[91],"product_tag":[],"class_list":{"0":"post-8601","1":"product","2":"type-product","3":"status-publish","4":"has-post-thumbnail","6":"product_brand-eterle-cz","7":"product_cat-prodane","9":"first","10":"outofstock","11":"purchasable","12":"product-type-simple"},"_links":{"self":[{"href":"https:\/\/eterle.cz\/eshop\/wp-json\/wp\/v2\/product\/8601","targetHints":{"allow":["GET"]}}],"collection":[{"href":"https:\/\/eterle.cz\/eshop\/wp-json\/wp\/v2\/product"}],"about":[{"href":"https:\/\/eterle.cz\/eshop\/wp-json\/wp\/v2\/types\/product"}],"version-history":[{"count":0,"href":"https:\/\/eterle.cz\/eshop\/wp-json\/wp\/v2\/product\/8601\/revisions"}],"wp:featuredmedia":[{"embeddable":true,"href":"https:\/\/eterle.cz\/eshop\/wp-json\/wp\/v2\/media\/8602"}],"wp:attachment":[{"href":"https:\/\/eterle.cz\/eshop\/wp-json\/wp\/v2\/media?parent=8601"}],"wp:term":[{"taxonomy":"product_brand","embeddable":true,"href":"https:\/\/eterle.cz\/eshop\/wp-json\/wp\/v2\/product_brand?post=8601"},{"taxonomy":"product_cat","embeddable":true,"href":"https:\/\/eterle.cz\/eshop\/wp-json\/wp\/v2\/product_cat?post=8601"},{"taxonomy":"product_tag","embeddable":true,"href":"https:\/\/eterle.cz\/eshop\/wp-json\/wp\/v2\/product_tag?post=8601"}],"curies":[{"name":"wp","href":"https:\/\/api.w.org\/{rel}","templated":true}]}}