{"id":8608,"date":"2022-03-23T13:08:41","date_gmt":"2022-03-23T12:08:41","guid":{"rendered":"https:\/\/eterle.cz\/eshop\/produkt\/vysoky-dzbanek\/"},"modified":"2025-02-16T03:02:31","modified_gmt":"2025-02-16T02:02:31","slug":"vysoky-dzbanek","status":"publish","type":"product","link":"https:\/\/eterle.cz\/eshop\/produkt\/vysoky-dzbanek\/","title":{"rendered":"Vysok\u00fd d\u017eb\u00e1nek"},"content":{"rendered":"<p>Minimalistick\u00fd vysok\u00fd d\u017eb\u00e1n p\u016fsob\u00ed velmi modern\u00edm dojmem. M\u00e1 zaj\u00edmav\u00e9 zdoben\u00ed v podob\u011b plastick\u00fd chb\u00edl\u00fdch prou\u017ek\u016f, na kter\u00e9 navazuj\u00ed malovan\u00e9 \u0161edomodr\u00e9 prou\u017eky. Zna\u010dku se n\u00e1m nepoda\u0159ilo ji\u017e identifokovat nebo\u0165 je velmi nez\u0159eteln\u00e1. Nicm\u00e9n\u011b i bez bli\u017e\u0161\u00ed specifikace porcel\u00e1nky jsme poznaly, \u017ee design je zda\u0159il\u00fd.<\/p>\n<p>Stav: v\u00fdborn\u00fd<br \/>\nRozm\u011br<br \/>\nObjem: 1,5 l<br \/>\nV\u00fd\u0161ka: 28 cm<\/p>\n","protected":false},"excerpt":{"rendered":"<p>Minimalistick\u00fd vysok\u00fd d\u017eb\u00e1n p\u016fsob\u00ed velmi modern\u00edm dojmem. M\u00e1 zaj\u00edmav\u00e9 zdoben\u00ed v podob\u011b plastick\u00fd chb\u00edl\u00fdch prou\u017ek\u016f, na kter\u00e9 navazuj\u00ed malovan\u00e9 \u0161edomodr\u00e9<\/p>\n","protected":false},"featured_media":8609,"template":"","meta":[],"product_brand":[153],"product_cat":[91],"product_tag":[],"class_list":{"0":"post-8608","1":"product","2":"type-product","3":"status-publish","4":"has-post-thumbnail","6":"product_brand-eterle-cz","7":"product_cat-prodane","9":"first","10":"outofstock","11":"purchasable","12":"product-type-simple"},"_links":{"self":[{"href":"https:\/\/eterle.cz\/eshop\/wp-json\/wp\/v2\/product\/8608","targetHints":{"allow":["GET"]}}],"collection":[{"href":"https:\/\/eterle.cz\/eshop\/wp-json\/wp\/v2\/product"}],"about":[{"href":"https:\/\/eterle.cz\/eshop\/wp-json\/wp\/v2\/types\/product"}],"version-history":[{"count":0,"href":"https:\/\/eterle.cz\/eshop\/wp-json\/wp\/v2\/product\/8608\/revisions"}],"wp:featuredmedia":[{"embeddable":true,"href":"https:\/\/eterle.cz\/eshop\/wp-json\/wp\/v2\/media\/8609"}],"wp:attachment":[{"href":"https:\/\/eterle.cz\/eshop\/wp-json\/wp\/v2\/media?parent=8608"}],"wp:term":[{"taxonomy":"product_brand","embeddable":true,"href":"https:\/\/eterle.cz\/eshop\/wp-json\/wp\/v2\/product_brand?post=8608"},{"taxonomy":"product_cat","embeddable":true,"href":"https:\/\/eterle.cz\/eshop\/wp-json\/wp\/v2\/product_cat?post=8608"},{"taxonomy":"product_tag","embeddable":true,"href":"https:\/\/eterle.cz\/eshop\/wp-json\/wp\/v2\/product_tag?post=8608"}],"curies":[{"name":"wp","href":"https:\/\/api.w.org\/{rel}","templated":true}]}}