{"id":8619,"date":"2022-03-23T13:09:00","date_gmt":"2022-03-23T12:09:00","guid":{"rendered":"https:\/\/eterle.cz\/eshop\/produkt\/dzbanek-s-kvety\/"},"modified":"2025-02-16T03:02:30","modified_gmt":"2025-02-16T02:02:30","slug":"dzbanek-s-kvety","status":"publish","type":"product","link":"https:\/\/eterle.cz\/eshop\/produkt\/dzbanek-s-kvety\/","title":{"rendered":"D\u017eb\u00e1nek s kv\u011bty"},"content":{"rendered":"<p>D\u017eb\u00e1nek v netradi\u010dn\u011b hranat\u00e9m tvaru s kv\u011btinov\u00fdm dekorem \u00fapln\u011b vid\u00edm na stole venkovsk\u00e9 letn\u00ed terasy. Vy\u017e\u00edt ho m\u016f\u017eete jako v\u00e1zu na lu\u010dn\u00ed kv\u00edt\u00ed, na ml\u00e9ko k sn\u00eddani nebo na vodu ze stud\u00e1nky.<\/p>\n<p>Stav: perfektn\u00ed vintage stav. M\u00edsty m\u00edrn\u00e9 set\u0159en\u00ed zelen\u00e9 linky. Asi dv\u011b mali\u010dk\u00e9 te\u010dka v glazu\u0159e<br \/>\nRozm\u011br<br \/>\nObjem: 1 l<br \/>\nV\u00fd\u0161ka: 16,5 cm<\/p>\n","protected":false},"excerpt":{"rendered":"<p>D\u017eb\u00e1nek v netradi\u010dn\u011b hranat\u00e9m tvaru s kv\u011btinov\u00fdm dekorem \u00fapln\u011b vid\u00edm na stole venkovsk\u00e9 letn\u00ed terasy. Vy\u017e\u00edt ho m\u016f\u017eete jako v\u00e1zu<\/p>\n","protected":false},"featured_media":8620,"template":"","meta":[],"product_brand":[153],"product_cat":[91],"product_tag":[],"class_list":{"0":"post-8619","1":"product","2":"type-product","3":"status-publish","4":"has-post-thumbnail","6":"product_brand-eterle-cz","7":"product_cat-prodane","9":"first","10":"outofstock","11":"purchasable","12":"product-type-simple"},"_links":{"self":[{"href":"https:\/\/eterle.cz\/eshop\/wp-json\/wp\/v2\/product\/8619","targetHints":{"allow":["GET"]}}],"collection":[{"href":"https:\/\/eterle.cz\/eshop\/wp-json\/wp\/v2\/product"}],"about":[{"href":"https:\/\/eterle.cz\/eshop\/wp-json\/wp\/v2\/types\/product"}],"version-history":[{"count":0,"href":"https:\/\/eterle.cz\/eshop\/wp-json\/wp\/v2\/product\/8619\/revisions"}],"wp:featuredmedia":[{"embeddable":true,"href":"https:\/\/eterle.cz\/eshop\/wp-json\/wp\/v2\/media\/8620"}],"wp:attachment":[{"href":"https:\/\/eterle.cz\/eshop\/wp-json\/wp\/v2\/media?parent=8619"}],"wp:term":[{"taxonomy":"product_brand","embeddable":true,"href":"https:\/\/eterle.cz\/eshop\/wp-json\/wp\/v2\/product_brand?post=8619"},{"taxonomy":"product_cat","embeddable":true,"href":"https:\/\/eterle.cz\/eshop\/wp-json\/wp\/v2\/product_cat?post=8619"},{"taxonomy":"product_tag","embeddable":true,"href":"https:\/\/eterle.cz\/eshop\/wp-json\/wp\/v2\/product_tag?post=8619"}],"curies":[{"name":"wp","href":"https:\/\/api.w.org\/{rel}","templated":true}]}}