{"id":8628,"date":"2022-03-23T13:09:15","date_gmt":"2022-03-23T12:09:15","guid":{"rendered":"https:\/\/eterle.cz\/eshop\/produkt\/keramicky-dzbanek\/"},"modified":"2025-02-16T03:02:30","modified_gmt":"2025-02-16T02:02:30","slug":"keramicky-dzbanek","status":"publish","type":"product","link":"https:\/\/eterle.cz\/eshop\/produkt\/keramicky-dzbanek\/","title":{"rendered":"Keramick\u00fd d\u017eb\u00e1nek"},"content":{"rendered":"<p>Keramick\u00fd buclat\u00fd d\u017eb\u00e1nek s kropenat\u00fdm dekorem v jemn\u00fdch pastelov\u00fdch barv\u00e1ch. Podtrhn\u011bte jeho jemnost kr\u00e1snou lu\u010dn\u00ed kv\u011btinou nbeo jej nechte vyniknout samotn\u00fd  pouze s vodou s citr\u00f3nem.<\/p>\n<p>Stav: zvenku perfektn\u00ed, uvnit\u0159 dva mal\u00e9 kazy porcel\u00e1nu z v\u00fdroby<br \/>\nRozm\u011br<br \/>\nObjem: 1 l<br \/>\nV\u00fd\u0161ka:  14,5 cm<\/p>\n","protected":false},"excerpt":{"rendered":"<p>Keramick\u00fd buclat\u00fd d\u017eb\u00e1nek s kropenat\u00fdm dekorem v jemn\u00fdch pastelov\u00fdch barv\u00e1ch. Podtrhn\u011bte jeho jemnost kr\u00e1snou lu\u010dn\u00ed kv\u011btinou nbeo jej nechte vyniknout<\/p>\n","protected":false},"featured_media":8629,"template":"","meta":[],"product_brand":[153],"product_cat":[91],"product_tag":[],"class_list":{"0":"post-8628","1":"product","2":"type-product","3":"status-publish","4":"has-post-thumbnail","6":"product_brand-eterle-cz","7":"product_cat-prodane","9":"first","10":"outofstock","11":"purchasable","12":"product-type-simple"},"_links":{"self":[{"href":"https:\/\/eterle.cz\/eshop\/wp-json\/wp\/v2\/product\/8628","targetHints":{"allow":["GET"]}}],"collection":[{"href":"https:\/\/eterle.cz\/eshop\/wp-json\/wp\/v2\/product"}],"about":[{"href":"https:\/\/eterle.cz\/eshop\/wp-json\/wp\/v2\/types\/product"}],"version-history":[{"count":0,"href":"https:\/\/eterle.cz\/eshop\/wp-json\/wp\/v2\/product\/8628\/revisions"}],"wp:featuredmedia":[{"embeddable":true,"href":"https:\/\/eterle.cz\/eshop\/wp-json\/wp\/v2\/media\/8629"}],"wp:attachment":[{"href":"https:\/\/eterle.cz\/eshop\/wp-json\/wp\/v2\/media?parent=8628"}],"wp:term":[{"taxonomy":"product_brand","embeddable":true,"href":"https:\/\/eterle.cz\/eshop\/wp-json\/wp\/v2\/product_brand?post=8628"},{"taxonomy":"product_cat","embeddable":true,"href":"https:\/\/eterle.cz\/eshop\/wp-json\/wp\/v2\/product_cat?post=8628"},{"taxonomy":"product_tag","embeddable":true,"href":"https:\/\/eterle.cz\/eshop\/wp-json\/wp\/v2\/product_tag?post=8628"}],"curies":[{"name":"wp","href":"https:\/\/api.w.org\/{rel}","templated":true}]}}