{"id":8667,"date":"2022-04-19T23:12:24","date_gmt":"2022-04-19T21:12:24","guid":{"rendered":"https:\/\/eterle.cz\/eshop\/produkt\/svedska-bedna\/"},"modified":"2025-02-16T03:02:29","modified_gmt":"2025-02-16T02:02:29","slug":"svedska-bedna","status":"publish","type":"product","link":"https:\/\/eterle.cz\/eshop\/produkt\/svedska-bedna\/","title":{"rendered":"\u0160v\u00e9dsk\u00e1 bedna"},"content":{"rendered":"<p>Klasick\u00e1 \u0161v\u00e9dsk\u00e1 bedna, kerou si asi v\u011bt\u0161ina z n\u00e1s pamatuje ze \u0161koln\u00edch t\u011blocvi\u010den. Jde o gymnastick\u00e9 n\u00e1\u0159ad\u00ed, kter\u00e9 je sestaveno z n\u011bkolika samostatn\u00fdch dosebe zapadaj\u00edcich d\u0159ev\u011bn\u00fdch d\u00edl\u016f. V\u00fd\u0161ka bedny se tedy d\u00e1 r\u016fzn\u011b m\u011bnit dle pot\u0159eby. D\u00edky t\u00e9to variabilit\u011b se \u0161v\u00e9dsk\u00e9 bedny v sou\u010dasn\u00fdch interi\u00e9rech vyu\u017e\u00edvaj\u00ed nejen jako sportovn\u00ed n\u00e1\u0159ad\u00ed, ale tak\u00e9 jako lavice \u010di odkl\u00e1dac\u00ed stolky.<\/p>\n<p>Stav: dobr\u00fd p\u016fvodn\u00ed stav. Na d\u0159evu zn\u00e1mky \u0161koln\u00ed v\u00fduky. K\u016f\u017ee v dobr\u00e9m stavu, pouze na jednom rohu pro\u0161oupan\u00e1.<br \/>\nRozm\u011br<br \/>\nD\u00e9lka: 126 cm<br \/>\nHloubka: 73 cm<br \/>\nV\u00fd\u0161ka: 118 cm<\/p>\n","protected":false},"excerpt":{"rendered":"<p>Klasick\u00e1 \u0161v\u00e9dsk\u00e1 bedna, kerou si asi v\u011bt\u0161ina z n\u00e1s pamatuje ze \u0161koln\u00edch t\u011blocvi\u010den. Jde o gymnastick\u00e9 n\u00e1\u0159ad\u00ed, kter\u00e9 je sestaveno<\/p>\n","protected":false},"featured_media":8668,"template":"","meta":[],"product_brand":[153],"product_cat":[91],"product_tag":[],"class_list":{"0":"post-8667","1":"product","2":"type-product","3":"status-publish","4":"has-post-thumbnail","6":"product_brand-eterle-cz","7":"product_cat-prodane","8":"product_shipping_class-nadrozmerne","10":"first","11":"outofstock","12":"purchasable","13":"product-type-simple"},"_links":{"self":[{"href":"https:\/\/eterle.cz\/eshop\/wp-json\/wp\/v2\/product\/8667","targetHints":{"allow":["GET"]}}],"collection":[{"href":"https:\/\/eterle.cz\/eshop\/wp-json\/wp\/v2\/product"}],"about":[{"href":"https:\/\/eterle.cz\/eshop\/wp-json\/wp\/v2\/types\/product"}],"version-history":[{"count":0,"href":"https:\/\/eterle.cz\/eshop\/wp-json\/wp\/v2\/product\/8667\/revisions"}],"wp:featuredmedia":[{"embeddable":true,"href":"https:\/\/eterle.cz\/eshop\/wp-json\/wp\/v2\/media\/8668"}],"wp:attachment":[{"href":"https:\/\/eterle.cz\/eshop\/wp-json\/wp\/v2\/media?parent=8667"}],"wp:term":[{"taxonomy":"product_brand","embeddable":true,"href":"https:\/\/eterle.cz\/eshop\/wp-json\/wp\/v2\/product_brand?post=8667"},{"taxonomy":"product_cat","embeddable":true,"href":"https:\/\/eterle.cz\/eshop\/wp-json\/wp\/v2\/product_cat?post=8667"},{"taxonomy":"product_tag","embeddable":true,"href":"https:\/\/eterle.cz\/eshop\/wp-json\/wp\/v2\/product_tag?post=8667"}],"curies":[{"name":"wp","href":"https:\/\/api.w.org\/{rel}","templated":true}]}}