{"id":8675,"date":"2022-04-19T23:12:53","date_gmt":"2022-04-19T21:12:53","guid":{"rendered":"https:\/\/eterle.cz\/eshop\/produkt\/kos-na-odpadky-eterle\/"},"modified":"2025-08-07T22:39:52","modified_gmt":"2025-08-07T20:39:52","slug":"kos-na-odpadky-eterle","status":"publish","type":"product","link":"https:\/\/eterle.cz\/eshop\/produkt\/kos-na-odpadky-eterle\/","title":{"rendered":"Ko\u0161 na odpadky \/ Eterle"},"content":{"rendered":"<p>Minimalistick\u00fd odpadkov\u00fd ko\u0161 z d\u00edlny Eterle, kter\u00e9mu m\u016f\u017eete dodat fin\u00e1ln\u00ed podobu pr\u00e1v\u011b podle va\u0161ich pot\u0159eb. A\u0165 u\u017e doma chcete m\u00edt luxusn\u00ed ko\u0161 do ob\u00fdv\u00e1ku nebo preferujete minimalismus \u010di nechcete p\u0159em\u00fd\u0161let, na jak\u00fd odpad je ur\u010den, sta\u010d\u00ed na dr\u017e\u00e1k zav\u011bsit tu spr\u00e1vnou ta\u0161ku. Hermes pro luxus, pap\u00edrov\u00e1 ta\u0161ka bez loga pro minimalismus nebo igelitov\u00e1 pro t\u0159\u00edden\u00ed plastu. Origin\u00e1ln\u00ed, jednoduch\u00fd a podporuj\u00edc\u00ed recyklaci, takov\u00fd je ko\u0161 od Eterle.<\/p>\n<p>Stav: nov\u00fd<br \/>\nZna\u010dka: Eterle<br \/>\nRozm\u011br<br \/>\n\u0160\u00ed\u0159ka: 32 cm<br \/>\nHloubka:22 cm<br \/>\nV\u00fd\u0161ka: 58 cm<\/p>\n","protected":false},"excerpt":{"rendered":"<p>Minimalistick\u00fd odpadkov\u00fd ko\u0161 z d\u00edlny Eterle, kter\u00e9mu m\u016f\u017eete dodat fin\u00e1ln\u00ed podobu pr\u00e1v\u011b podle va\u0161ich pot\u0159eb. A\u0165 u\u017e doma chcete m\u00edt<\/p>\n","protected":false},"featured_media":8676,"template":"","meta":[],"product_brand":[153],"product_cat":[91],"product_tag":[],"class_list":{"0":"post-8675","1":"product","2":"type-product","3":"status-publish","4":"has-post-thumbnail","6":"product_brand-eterle-cz","7":"product_cat-prodane","9":"first","10":"outofstock","11":"purchasable","12":"product-type-simple"},"_links":{"self":[{"href":"https:\/\/eterle.cz\/eshop\/wp-json\/wp\/v2\/product\/8675","targetHints":{"allow":["GET"]}}],"collection":[{"href":"https:\/\/eterle.cz\/eshop\/wp-json\/wp\/v2\/product"}],"about":[{"href":"https:\/\/eterle.cz\/eshop\/wp-json\/wp\/v2\/types\/product"}],"version-history":[{"count":1,"href":"https:\/\/eterle.cz\/eshop\/wp-json\/wp\/v2\/product\/8675\/revisions"}],"predecessor-version":[{"id":26083,"href":"https:\/\/eterle.cz\/eshop\/wp-json\/wp\/v2\/product\/8675\/revisions\/26083"}],"wp:featuredmedia":[{"embeddable":true,"href":"https:\/\/eterle.cz\/eshop\/wp-json\/wp\/v2\/media\/8676"}],"wp:attachment":[{"href":"https:\/\/eterle.cz\/eshop\/wp-json\/wp\/v2\/media?parent=8675"}],"wp:term":[{"taxonomy":"product_brand","embeddable":true,"href":"https:\/\/eterle.cz\/eshop\/wp-json\/wp\/v2\/product_brand?post=8675"},{"taxonomy":"product_cat","embeddable":true,"href":"https:\/\/eterle.cz\/eshop\/wp-json\/wp\/v2\/product_cat?post=8675"},{"taxonomy":"product_tag","embeddable":true,"href":"https:\/\/eterle.cz\/eshop\/wp-json\/wp\/v2\/product_tag?post=8675"}],"curies":[{"name":"wp","href":"https:\/\/api.w.org\/{rel}","templated":true}]}}