{"id":8679,"date":"2022-04-19T23:13:06","date_gmt":"2022-04-19T21:13:06","guid":{"rendered":"https:\/\/eterle.cz\/eshop\/produkt\/stojan-na-kvetiny\/"},"modified":"2025-02-16T03:02:28","modified_gmt":"2025-02-16T02:02:28","slug":"stojan-na-kvetiny","status":"publish","type":"product","link":"https:\/\/eterle.cz\/eshop\/produkt\/stojan-na-kvetiny\/","title":{"rendered":"Stojan na kv\u011btiny"},"content":{"rendered":"<p>Velmi \u017e\u00e1dan\u00fd funkcionalistick\u00fd stojan na kv\u011btiny s opaxtov\u00fdm \u010dern\u00fdm sklem. Je kr\u00e1snou ozdobou inter\u00e9ru i bez kv\u011btin. Funkcionalistick\u00e9 kousky se v\u011bt\u0161nou hod\u00ed jak k modern\u00edmu, tak vintage vybaven\u00ed domu a u tohoto stojanu to plat\u00ed jednozna\u010dn\u011b. Pokud se neradi star\u00e1te o kv\u011btiny, m\u016f\u017eete jej vyu\u017e\u00edt na knihy a jako minibar.<\/p>\n<p>Stav: chrom v perfektn\u00edm stavu, nov\u011b le\u0161t\u011bn. Opaxitov\u00e1 skla v po\u0159\u00e1dku.<br \/>\nRozm\u011br<br \/>\n\u0160\u00ed\u0159ka: 100 cm<br \/>\nHloubka: 42 cm<br \/>\nV\u00fd\u0161ka: 85 cm<\/p>\n","protected":false},"excerpt":{"rendered":"<p>Velmi \u017e\u00e1dan\u00fd funkcionalistick\u00fd stojan na kv\u011btiny s opaxtov\u00fdm \u010dern\u00fdm sklem. Je kr\u00e1snou ozdobou inter\u00e9ru i bez kv\u011btin. Funkcionalistick\u00e9 kousky se<\/p>\n","protected":false},"featured_media":8680,"template":"","meta":[],"product_brand":[153],"product_cat":[91],"product_tag":[],"class_list":{"0":"post-8679","1":"product","2":"type-product","3":"status-publish","4":"has-post-thumbnail","6":"product_brand-eterle-cz","7":"product_cat-prodane","8":"product_shipping_class-nadrozmerne","10":"first","11":"outofstock","12":"purchasable","13":"product-type-simple"},"_links":{"self":[{"href":"https:\/\/eterle.cz\/eshop\/wp-json\/wp\/v2\/product\/8679","targetHints":{"allow":["GET"]}}],"collection":[{"href":"https:\/\/eterle.cz\/eshop\/wp-json\/wp\/v2\/product"}],"about":[{"href":"https:\/\/eterle.cz\/eshop\/wp-json\/wp\/v2\/types\/product"}],"version-history":[{"count":1,"href":"https:\/\/eterle.cz\/eshop\/wp-json\/wp\/v2\/product\/8679\/revisions"}],"predecessor-version":[{"id":12790,"href":"https:\/\/eterle.cz\/eshop\/wp-json\/wp\/v2\/product\/8679\/revisions\/12790"}],"wp:featuredmedia":[{"embeddable":true,"href":"https:\/\/eterle.cz\/eshop\/wp-json\/wp\/v2\/media\/8680"}],"wp:attachment":[{"href":"https:\/\/eterle.cz\/eshop\/wp-json\/wp\/v2\/media?parent=8679"}],"wp:term":[{"taxonomy":"product_brand","embeddable":true,"href":"https:\/\/eterle.cz\/eshop\/wp-json\/wp\/v2\/product_brand?post=8679"},{"taxonomy":"product_cat","embeddable":true,"href":"https:\/\/eterle.cz\/eshop\/wp-json\/wp\/v2\/product_cat?post=8679"},{"taxonomy":"product_tag","embeddable":true,"href":"https:\/\/eterle.cz\/eshop\/wp-json\/wp\/v2\/product_tag?post=8679"}],"curies":[{"name":"wp","href":"https:\/\/api.w.org\/{rel}","templated":true}]}}