{"id":8686,"date":"2022-04-19T23:13:26","date_gmt":"2022-04-19T21:13:26","guid":{"rendered":"https:\/\/eterle.cz\/eshop\/produkt\/retro-plakat-ovce\/"},"modified":"2025-02-16T03:02:28","modified_gmt":"2025-02-16T02:02:28","slug":"retro-plakat-ovce","status":"publish","type":"product","link":"https:\/\/eterle.cz\/eshop\/produkt\/retro-plakat-ovce\/","title":{"rendered":"Retro plak\u00e1t (ovce)"},"content":{"rendered":"<p>Kr\u00e1sn\u00fd \u0161koln\u00ed plak\u00e1t s motivem ovce. A\u010d ji\u017e nese zn\u00e1mky hojn\u00e9ho u\u017e\u00edv\u00e1n\u00ed, neub\u00edr\u00e1 mu to na kr\u00e1se. P\u016fsob\u00ed autenticky a bude kr\u00e1snou ozdobou interi\u00e9ru. Nejedn\u00e1 se o repliku, pravost potvrzuje i \u0161koln\u00ed \u0161t\u00edtek na zadn\u00ed stran\u011b. V sou\u010dasn\u00e9 dob\u011b jsou plak\u00e1ty vyhled\u00e1vanou bytovou dekorac\u00ed.<\/p>\n<p>Stav: nen\u00ed perfektn\u00ed, u li\u0161t a po kraj\u00edch m\u00edsty potrhan\u00fd a vyspraven pap\u00edrovou p\u00e1skou. Zezadu je vyd\u011bt i oprava v t\u011ble plak\u00e1tu, kter\u00e1 ale z l\u00edcu nen\u00ed patrn\u00e1.<br \/>\nRozm\u011br<br \/>\n\u0160\u00ed\u0159ka: 89 cm<br \/>\nV\u00fd\u0161ka: 65 cm<\/p>\n","protected":false},"excerpt":{"rendered":"<p>Kr\u00e1sn\u00fd \u0161koln\u00ed plak\u00e1t s motivem ovce. A\u010d ji\u017e nese zn\u00e1mky hojn\u00e9ho u\u017e\u00edv\u00e1n\u00ed, neub\u00edr\u00e1 mu to na kr\u00e1se. P\u016fsob\u00ed autenticky a<\/p>\n","protected":false},"featured_media":8687,"template":"","meta":[],"product_brand":[153],"product_cat":[91],"product_tag":[],"class_list":{"0":"post-8686","1":"product","2":"type-product","3":"status-publish","4":"has-post-thumbnail","6":"product_brand-eterle-cz","7":"product_cat-prodane","8":"product_shipping_class-nadrozmerne","10":"first","11":"outofstock","12":"purchasable","13":"product-type-simple"},"_links":{"self":[{"href":"https:\/\/eterle.cz\/eshop\/wp-json\/wp\/v2\/product\/8686","targetHints":{"allow":["GET"]}}],"collection":[{"href":"https:\/\/eterle.cz\/eshop\/wp-json\/wp\/v2\/product"}],"about":[{"href":"https:\/\/eterle.cz\/eshop\/wp-json\/wp\/v2\/types\/product"}],"version-history":[{"count":0,"href":"https:\/\/eterle.cz\/eshop\/wp-json\/wp\/v2\/product\/8686\/revisions"}],"wp:featuredmedia":[{"embeddable":true,"href":"https:\/\/eterle.cz\/eshop\/wp-json\/wp\/v2\/media\/8687"}],"wp:attachment":[{"href":"https:\/\/eterle.cz\/eshop\/wp-json\/wp\/v2\/media?parent=8686"}],"wp:term":[{"taxonomy":"product_brand","embeddable":true,"href":"https:\/\/eterle.cz\/eshop\/wp-json\/wp\/v2\/product_brand?post=8686"},{"taxonomy":"product_cat","embeddable":true,"href":"https:\/\/eterle.cz\/eshop\/wp-json\/wp\/v2\/product_cat?post=8686"},{"taxonomy":"product_tag","embeddable":true,"href":"https:\/\/eterle.cz\/eshop\/wp-json\/wp\/v2\/product_tag?post=8686"}],"curies":[{"name":"wp","href":"https:\/\/api.w.org\/{rel}","templated":true}]}}